{"id":949,"date":"2024-03-27T16:53:50","date_gmt":"2024-03-27T15:53:50","guid":{"rendered":"https:\/\/giantec.shop\/?post_type=product&#038;p=949"},"modified":"2025-02-28T13:11:28","modified_gmt":"2025-02-28T12:11:28","slug":"terpovet-relax-5","status":"publish","type":"product","link":"https:\/\/giantec.shop\/de\/product\/terpovet-relax-5\/","title":{"rendered":"Terpovet Relax 5 %"},"content":{"rendered":"<p>Dieses Produkt ist das erste \u00d6l in der Tiermedizin, welches das Cannabidiol (CBD) und Cannabinol (CBN) verwendet. Zwei mit der Regulation der Stressantwort auf zellul\u00e4rer und geistiger Ebene verbundene Cannabinoide. Ein weiterer Zusatz ist Nerolidol, ein relativ neu entdecktes Terpen, das eine Rolle bei der Stress- und neuronalen Entz\u00fcndungsbek\u00e4mpfung spielt. Hinzu kommt Lavendel\u00f6l, das zur stresslindernden und beruhigenden Wirkung des Produkts beitr\u00e4gt.<br \/>\nDas Produkt ist in zwei Konzentrationen ohne Aromen erh\u00e4ltlich.<\/p>\n<p>&nbsp;<\/p>\n<p><img loading=\"lazy\" decoding=\"async\" class=\"alignnone wp-image-943 size-medium\" src=\"http:\/\/giantec.shop\/wp-content\/uploads\/2024\/03\/Vet-piccoli-medi-300x110.png\" alt=\"\" width=\"300\" height=\"110\" srcset=\"https:\/\/giantec.shop\/wp-content\/uploads\/2024\/03\/Vet-piccoli-medi-300x110.png 300w, https:\/\/giantec.shop\/wp-content\/uploads\/2024\/03\/Vet-piccoli-medi-18x7.png 18w, https:\/\/giantec.shop\/wp-content\/uploads\/2024\/03\/Vet-piccoli-medi.png 500w\" sizes=\"auto, (max-width: 300px) 100vw, 300px\" \/><\/p>\n<hr \/>\n<p><strong>INCI:<\/strong> Caprylic Capric Triglycerides, Cannabis Sativa Seed Oil, Cannabis Sativa Leaf Extract, Cannabidiol, Cannabinol, Lavandula Officinalis Oil, Cannabigerol, Nerolidol.<\/p>","protected":false},"excerpt":{"rendered":"<h4>CBD + CBN mit Nerolidol und Lavendel\u00f6l<\/h4>\n<p><b>CPNP REFERENCE<\/b> 4410856<\/p>\n<p>500 mg CBD + 300 mg CBN<\/p>","protected":false},"featured_media":938,"comment_status":"open","ping_status":"closed","template":"","meta":[],"product_brand":[],"product_cat":[86,80],"product_tag":[18,81],"class_list":{"0":"post-949","1":"product","2":"type-product","3":"status-publish","4":"has-post-thumbnail","6":"product_cat-relax-terpovet","7":"product_cat-terpovet","8":"product_tag-cbd","9":"product_tag-terpovet","11":"first","12":"instock","13":"taxable","14":"shipping-taxable","15":"product-type-simple"},"yoast_head":"<!-- This site is optimized with the Yoast SEO plugin v27.1.1 - https:\/\/yoast.com\/product\/yoast-seo-wordpress\/ -->\n<title>Terpovet Relax 5 % - giantec.shop<\/title>\n<meta name=\"robots\" content=\"index, follow, max-snippet:-1, max-image-preview:large, max-video-preview:-1\" \/>\n<link rel=\"canonical\" href=\"https:\/\/giantec.shop\/de\/product\/terpovet-relax-5\/\" \/>\n<meta property=\"og:locale\" content=\"de_DE\" \/>\n<meta property=\"og:type\" content=\"article\" \/>\n<meta property=\"og:title\" content=\"Terpovet Relax 5 % - giantec.shop\" \/>\n<meta property=\"og:description\" content=\"CBD + CBN con Nerolidolo ed oleolita di Lavanda angustifolia CPNP REFERENCE 4410856  500 mg CBD + 300 mg CBN\" \/>\n<meta property=\"og:url\" content=\"https:\/\/giantec.shop\/de\/product\/terpovet-relax-5\/\" \/>\n<meta property=\"og:site_name\" content=\"giantec.shop\" \/>\n<meta property=\"article:publisher\" content=\"https:\/\/www.facebook.com\/GianTecExtractions\/\" \/>\n<meta property=\"article:modified_time\" content=\"2025-02-28T12:11:28+00:00\" \/>\n<meta property=\"og:image\" content=\"http:\/\/giantec.shop\/wp-content\/uploads\/2024\/03\/relax-5.jpg\" \/>\n\t<meta property=\"og:image:width\" content=\"1080\" \/>\n\t<meta property=\"og:image:height\" content=\"1080\" \/>\n\t<meta property=\"og:image:type\" content=\"image\/jpeg\" \/>\n<meta name=\"twitter:card\" content=\"summary_large_image\" \/>\n<meta name=\"twitter:label1\" content=\"Gesch\u00e4tzte Lesezeit\" \/>\n\t<meta name=\"twitter:data1\" content=\"1\u00a0Minute\" \/>\n<script type=\"application\/ld+json\" class=\"yoast-schema-graph\">{\"@context\":\"https:\/\/schema.org\",\"@graph\":[{\"@type\":\"WebPage\",\"@id\":\"https:\/\/giantec.shop\/product\/terpovet-relax-5\/\",\"url\":\"https:\/\/giantec.shop\/product\/terpovet-relax-5\/\",\"name\":\"Terpovet Relax 5 % - giantec.shop\",\"isPartOf\":{\"@id\":\"https:\/\/giantec.shop\/#website\"},\"primaryImageOfPage\":{\"@id\":\"https:\/\/giantec.shop\/product\/terpovet-relax-5\/#primaryimage\"},\"image\":{\"@id\":\"https:\/\/giantec.shop\/product\/terpovet-relax-5\/#primaryimage\"},\"thumbnailUrl\":\"https:\/\/giantec.shop\/wp-content\/uploads\/2024\/03\/relax-5.jpg\",\"datePublished\":\"2024-03-27T15:53:50+00:00\",\"dateModified\":\"2025-02-28T12:11:28+00:00\",\"breadcrumb\":{\"@id\":\"https:\/\/giantec.shop\/product\/terpovet-relax-5\/#breadcrumb\"},\"inLanguage\":\"de\",\"potentialAction\":[{\"@type\":\"ReadAction\",\"target\":[\"https:\/\/giantec.shop\/product\/terpovet-relax-5\/\"]}]},{\"@type\":\"ImageObject\",\"inLanguage\":\"de\",\"@id\":\"https:\/\/giantec.shop\/product\/terpovet-relax-5\/#primaryimage\",\"url\":\"https:\/\/giantec.shop\/wp-content\/uploads\/2024\/03\/relax-5.jpg\",\"contentUrl\":\"https:\/\/giantec.shop\/wp-content\/uploads\/2024\/03\/relax-5.jpg\",\"width\":1080,\"height\":1080},{\"@type\":\"BreadcrumbList\",\"@id\":\"https:\/\/giantec.shop\/product\/terpovet-relax-5\/#breadcrumb\",\"itemListElement\":[{\"@type\":\"ListItem\",\"position\":1,\"name\":\"Home\",\"item\":\"https:\/\/giantec.shop\/\"},{\"@type\":\"ListItem\",\"position\":2,\"name\":\"Shop\",\"item\":\"https:\/\/giantec.shop\/shop\/\"},{\"@type\":\"ListItem\",\"position\":3,\"name\":\"Terpovet Relax 5 %\"}]},{\"@type\":\"WebSite\",\"@id\":\"https:\/\/giantec.shop\/#website\",\"url\":\"https:\/\/giantec.shop\/\",\"name\":\"GianTec Shop\",\"description\":\"Oli e prodotti cosmetici con CBD\",\"publisher\":{\"@id\":\"https:\/\/giantec.shop\/#organization\"},\"potentialAction\":[{\"@type\":\"SearchAction\",\"target\":{\"@type\":\"EntryPoint\",\"urlTemplate\":\"https:\/\/giantec.shop\/?s={search_term_string}\"},\"query-input\":{\"@type\":\"PropertyValueSpecification\",\"valueRequired\":true,\"valueName\":\"search_term_string\"}}],\"inLanguage\":\"de\"},{\"@type\":\"Organization\",\"@id\":\"https:\/\/giantec.shop\/#organization\",\"name\":\"GIANTEC SRL\",\"url\":\"https:\/\/giantec.shop\/\",\"logo\":{\"@type\":\"ImageObject\",\"inLanguage\":\"de\",\"@id\":\"https:\/\/giantec.shop\/#\/schema\/logo\/image\/\",\"url\":\"https:\/\/giantec.shop\/wp-content\/uploads\/2023\/02\/Giantec-Logo.png\",\"contentUrl\":\"https:\/\/giantec.shop\/wp-content\/uploads\/2023\/02\/Giantec-Logo.png\",\"width\":596,\"height\":158,\"caption\":\"GIANTEC SRL\"},\"image\":{\"@id\":\"https:\/\/giantec.shop\/#\/schema\/logo\/image\/\"},\"sameAs\":[\"https:\/\/www.facebook.com\/GianTecExtractions\/\",\"https:\/\/www.instagram.com\/giantec_srl\/\"]}]}<\/script>\n<!-- \/ Yoast SEO plugin. -->","yoast_head_json":{"title":"Terpovet Relax 5 % - giantec.shop","robots":{"index":"index","follow":"follow","max-snippet":"max-snippet:-1","max-image-preview":"max-image-preview:large","max-video-preview":"max-video-preview:-1"},"canonical":"https:\/\/giantec.shop\/de\/product\/terpovet-relax-5\/","og_locale":"de_DE","og_type":"article","og_title":"Terpovet Relax 5 % - giantec.shop","og_description":"CBD + CBN con Nerolidolo ed oleolita di Lavanda angustifolia CPNP REFERENCE 4410856  500 mg CBD + 300 mg CBN","og_url":"https:\/\/giantec.shop\/de\/product\/terpovet-relax-5\/","og_site_name":"giantec.shop","article_publisher":"https:\/\/www.facebook.com\/GianTecExtractions\/","article_modified_time":"2025-02-28T12:11:28+00:00","og_image":[{"width":1080,"height":1080,"url":"http:\/\/giantec.shop\/wp-content\/uploads\/2024\/03\/relax-5.jpg","type":"image\/jpeg"}],"twitter_card":"summary_large_image","twitter_misc":{"Gesch\u00e4tzte Lesezeit":"1\u00a0Minute"},"schema":{"@context":"https:\/\/schema.org","@graph":[{"@type":"WebPage","@id":"https:\/\/giantec.shop\/product\/terpovet-relax-5\/","url":"https:\/\/giantec.shop\/product\/terpovet-relax-5\/","name":"Terpovet Relax 5 % - giantec.shop","isPartOf":{"@id":"https:\/\/giantec.shop\/#website"},"primaryImageOfPage":{"@id":"https:\/\/giantec.shop\/product\/terpovet-relax-5\/#primaryimage"},"image":{"@id":"https:\/\/giantec.shop\/product\/terpovet-relax-5\/#primaryimage"},"thumbnailUrl":"https:\/\/giantec.shop\/wp-content\/uploads\/2024\/03\/relax-5.jpg","datePublished":"2024-03-27T15:53:50+00:00","dateModified":"2025-02-28T12:11:28+00:00","breadcrumb":{"@id":"https:\/\/giantec.shop\/product\/terpovet-relax-5\/#breadcrumb"},"inLanguage":"de","potentialAction":[{"@type":"ReadAction","target":["https:\/\/giantec.shop\/product\/terpovet-relax-5\/"]}]},{"@type":"ImageObject","inLanguage":"de","@id":"https:\/\/giantec.shop\/product\/terpovet-relax-5\/#primaryimage","url":"https:\/\/giantec.shop\/wp-content\/uploads\/2024\/03\/relax-5.jpg","contentUrl":"https:\/\/giantec.shop\/wp-content\/uploads\/2024\/03\/relax-5.jpg","width":1080,"height":1080},{"@type":"BreadcrumbList","@id":"https:\/\/giantec.shop\/product\/terpovet-relax-5\/#breadcrumb","itemListElement":[{"@type":"ListItem","position":1,"name":"Home","item":"https:\/\/giantec.shop\/"},{"@type":"ListItem","position":2,"name":"Shop","item":"https:\/\/giantec.shop\/shop\/"},{"@type":"ListItem","position":3,"name":"Terpovet Relax 5 %"}]},{"@type":"WebSite","@id":"https:\/\/giantec.shop\/#website","url":"https:\/\/giantec.shop\/","name":"GianTec Shop","description":"Oli e prodotti cosmetici con CBD","publisher":{"@id":"https:\/\/giantec.shop\/#organization"},"potentialAction":[{"@type":"SearchAction","target":{"@type":"EntryPoint","urlTemplate":"https:\/\/giantec.shop\/?s={search_term_string}"},"query-input":{"@type":"PropertyValueSpecification","valueRequired":true,"valueName":"search_term_string"}}],"inLanguage":"de"},{"@type":"Organization","@id":"https:\/\/giantec.shop\/#organization","name":"GIANTEC SRL","url":"https:\/\/giantec.shop\/","logo":{"@type":"ImageObject","inLanguage":"de","@id":"https:\/\/giantec.shop\/#\/schema\/logo\/image\/","url":"https:\/\/giantec.shop\/wp-content\/uploads\/2023\/02\/Giantec-Logo.png","contentUrl":"https:\/\/giantec.shop\/wp-content\/uploads\/2023\/02\/Giantec-Logo.png","width":596,"height":158,"caption":"GIANTEC SRL"},"image":{"@id":"https:\/\/giantec.shop\/#\/schema\/logo\/image\/"},"sameAs":["https:\/\/www.facebook.com\/GianTecExtractions\/","https:\/\/www.instagram.com\/giantec_srl\/"]}]}},"jetpack_sharing_enabled":true,"_links":{"self":[{"href":"https:\/\/giantec.shop\/de\/wp-json\/wp\/v2\/product\/949","targetHints":{"allow":["GET"]}}],"collection":[{"href":"https:\/\/giantec.shop\/de\/wp-json\/wp\/v2\/product"}],"about":[{"href":"https:\/\/giantec.shop\/de\/wp-json\/wp\/v2\/types\/product"}],"replies":[{"embeddable":true,"href":"https:\/\/giantec.shop\/de\/wp-json\/wp\/v2\/comments?post=949"}],"wp:featuredmedia":[{"embeddable":true,"href":"https:\/\/giantec.shop\/de\/wp-json\/wp\/v2\/media\/938"}],"wp:attachment":[{"href":"https:\/\/giantec.shop\/de\/wp-json\/wp\/v2\/media?parent=949"}],"wp:term":[{"taxonomy":"product_brand","embeddable":true,"href":"https:\/\/giantec.shop\/de\/wp-json\/wp\/v2\/product_brand?post=949"},{"taxonomy":"product_cat","embeddable":true,"href":"https:\/\/giantec.shop\/de\/wp-json\/wp\/v2\/product_cat?post=949"},{"taxonomy":"product_tag","embeddable":true,"href":"https:\/\/giantec.shop\/de\/wp-json\/wp\/v2\/product_tag?post=949"}],"curies":[{"name":"wp","href":"https:\/\/api.w.org\/{rel}","templated":true}]}}