{"id":946,"date":"2024-03-27T16:45:49","date_gmt":"2024-03-27T15:45:49","guid":{"rendered":"https:\/\/giantec.shop\/?post_type=product&#038;p=946"},"modified":"2025-02-28T13:08:26","modified_gmt":"2025-02-28T12:08:26","slug":"terpovet-sanadol-5","status":"publish","type":"product","link":"https:\/\/giantec.shop\/de\/product\/terpovet-sanadol-5\/","title":{"rendered":"Terpovet Sanadol + 5%"},"content":{"rendered":"<p>Die Sanadol-Linie, entwickelt in Zusammenarbeit mit der \u201eUniversit\u00e4t Federico II Neapel\u201c, nutzt die<br \/>\nKombination von CBD und CBG, zwei Cannabinoiden, welche die Wahrnehmung von Osteoarthritis-Schmerzen<br \/>\nreduzieren. Derzeit wird die Wirksamkeit dieses Produkts zur Behandlung von neuropathischen Schmerzen untersucht. Diese Cannabinoide haben eine entz\u00fcndungshemmende Wirkung, insbesondere auf die CB1-, CB2-Rezeptoren und die TPRV-Kan\u00e4le, die mit der Wahrnehmung von \"Brennen\" verbunden sind. Zus\u00e4tzlich nutzt die Formel die synergistische Wirkung des Teufelskrallen-Extrakts (Harpagophytum procumbens), welcher hohe Mengen an aktiven Glykosiden enth\u00e4lt. Dieser Extrakt hat beruhigende Eigenschaften auf den Entz\u00fcndungsprozess und verlangsamt den nat\u00fcrlichen Abbau des Gelenkknorpels.<br \/>\nDie Sanadol-Linie ist in zwei Formaten erh\u00e4ltlich und enth\u00e4lt keine zugesetzten Aromen.<\/p>\n<p><img loading=\"lazy\" decoding=\"async\" class=\"alignnone wp-image-943 size-medium\" src=\"http:\/\/giantec.shop\/wp-content\/uploads\/2024\/03\/Vet-piccoli-medi-300x110.png\" alt=\"\" width=\"300\" height=\"110\" srcset=\"https:\/\/giantec.shop\/wp-content\/uploads\/2024\/03\/Vet-piccoli-medi-300x110.png 300w, https:\/\/giantec.shop\/wp-content\/uploads\/2024\/03\/Vet-piccoli-medi-18x7.png 18w, https:\/\/giantec.shop\/wp-content\/uploads\/2024\/03\/Vet-piccoli-medi.png 500w\" sizes=\"auto, (max-width: 300px) 100vw, 300px\" \/><\/p>\n<hr \/>\n<p><strong>INCI:<\/strong> Caprylic Capric Triglycerides, Cannabis Sativa Leaf Extract, Cannabis Sativa Seed Oil, Cannabigerol, Cannabidiol, Harpagophytum Procumbens Root Extract, Cannabinol, Myrcene.<\/p>","protected":false},"excerpt":{"rendered":"<h4>CBD + CBG mit Mircene und Teufelskralle-Extrakt<\/h4>\n<p><b>CPNP REFERENCE<\/b> 4410839<\/p>\n<p>500 mg CBG + 500 mg CBD<\/p>","protected":false},"featured_media":940,"comment_status":"open","ping_status":"closed","template":"","meta":[],"product_brand":[],"product_cat":[84,80],"product_tag":[18,85,81],"class_list":{"0":"post-946","1":"product","2":"type-product","3":"status-publish","4":"has-post-thumbnail","6":"product_cat-sanadol","7":"product_cat-terpovet","8":"product_tag-cbd","9":"product_tag-sanadol","10":"product_tag-terpovet","12":"first","13":"instock","14":"taxable","15":"shipping-taxable","16":"product-type-simple"},"yoast_head":"<!-- This site is optimized with the Yoast SEO plugin v27.1.1 - https:\/\/yoast.com\/product\/yoast-seo-wordpress\/ -->\n<title>Terpovet Sanadol + 5% - giantec.shop<\/title>\n<meta name=\"robots\" content=\"index, follow, max-snippet:-1, max-image-preview:large, max-video-preview:-1\" \/>\n<link rel=\"canonical\" href=\"https:\/\/giantec.shop\/de\/product\/terpovet-sanadol-5\/\" \/>\n<meta property=\"og:locale\" content=\"de_DE\" \/>\n<meta property=\"og:type\" content=\"article\" \/>\n<meta property=\"og:title\" content=\"Terpovet Sanadol + 5% - giantec.shop\" \/>\n<meta property=\"og:description\" content=\"CBD + CBG con Mircene ed estratto di Artiglio del Diavolo CPNP REFERENCE 4410839  500 mg CBG + 500 mg CBD\" \/>\n<meta property=\"og:url\" content=\"https:\/\/giantec.shop\/de\/product\/terpovet-sanadol-5\/\" \/>\n<meta property=\"og:site_name\" content=\"giantec.shop\" \/>\n<meta property=\"article:publisher\" content=\"https:\/\/www.facebook.com\/GianTecExtractions\/\" \/>\n<meta property=\"article:modified_time\" content=\"2025-02-28T12:08:26+00:00\" \/>\n<meta property=\"og:image\" content=\"http:\/\/giantec.shop\/wp-content\/uploads\/2024\/03\/sanadol-5.jpg\" \/>\n\t<meta property=\"og:image:width\" content=\"1080\" \/>\n\t<meta property=\"og:image:height\" content=\"1080\" \/>\n\t<meta property=\"og:image:type\" content=\"image\/jpeg\" \/>\n<meta name=\"twitter:card\" content=\"summary_large_image\" \/>\n<meta name=\"twitter:label1\" content=\"Gesch\u00e4tzte Lesezeit\" \/>\n\t<meta name=\"twitter:data1\" content=\"2\u00a0Minuten\" \/>\n<script type=\"application\/ld+json\" class=\"yoast-schema-graph\">{\"@context\":\"https:\/\/schema.org\",\"@graph\":[{\"@type\":\"WebPage\",\"@id\":\"https:\/\/giantec.shop\/product\/terpovet-sanadol-5\/\",\"url\":\"https:\/\/giantec.shop\/product\/terpovet-sanadol-5\/\",\"name\":\"Terpovet Sanadol + 5% - giantec.shop\",\"isPartOf\":{\"@id\":\"https:\/\/giantec.shop\/#website\"},\"primaryImageOfPage\":{\"@id\":\"https:\/\/giantec.shop\/product\/terpovet-sanadol-5\/#primaryimage\"},\"image\":{\"@id\":\"https:\/\/giantec.shop\/product\/terpovet-sanadol-5\/#primaryimage\"},\"thumbnailUrl\":\"https:\/\/giantec.shop\/wp-content\/uploads\/2024\/03\/sanadol-5.jpg\",\"datePublished\":\"2024-03-27T15:45:49+00:00\",\"dateModified\":\"2025-02-28T12:08:26+00:00\",\"breadcrumb\":{\"@id\":\"https:\/\/giantec.shop\/product\/terpovet-sanadol-5\/#breadcrumb\"},\"inLanguage\":\"de\",\"potentialAction\":[{\"@type\":\"ReadAction\",\"target\":[\"https:\/\/giantec.shop\/product\/terpovet-sanadol-5\/\"]}]},{\"@type\":\"ImageObject\",\"inLanguage\":\"de\",\"@id\":\"https:\/\/giantec.shop\/product\/terpovet-sanadol-5\/#primaryimage\",\"url\":\"https:\/\/giantec.shop\/wp-content\/uploads\/2024\/03\/sanadol-5.jpg\",\"contentUrl\":\"https:\/\/giantec.shop\/wp-content\/uploads\/2024\/03\/sanadol-5.jpg\",\"width\":1080,\"height\":1080},{\"@type\":\"BreadcrumbList\",\"@id\":\"https:\/\/giantec.shop\/product\/terpovet-sanadol-5\/#breadcrumb\",\"itemListElement\":[{\"@type\":\"ListItem\",\"position\":1,\"name\":\"Home\",\"item\":\"https:\/\/giantec.shop\/\"},{\"@type\":\"ListItem\",\"position\":2,\"name\":\"Shop\",\"item\":\"https:\/\/giantec.shop\/shop\/\"},{\"@type\":\"ListItem\",\"position\":3,\"name\":\"Terpovet Sanadol + 5%\"}]},{\"@type\":\"WebSite\",\"@id\":\"https:\/\/giantec.shop\/#website\",\"url\":\"https:\/\/giantec.shop\/\",\"name\":\"GianTec Shop\",\"description\":\"Oli e prodotti cosmetici con CBD\",\"publisher\":{\"@id\":\"https:\/\/giantec.shop\/#organization\"},\"potentialAction\":[{\"@type\":\"SearchAction\",\"target\":{\"@type\":\"EntryPoint\",\"urlTemplate\":\"https:\/\/giantec.shop\/?s={search_term_string}\"},\"query-input\":{\"@type\":\"PropertyValueSpecification\",\"valueRequired\":true,\"valueName\":\"search_term_string\"}}],\"inLanguage\":\"de\"},{\"@type\":\"Organization\",\"@id\":\"https:\/\/giantec.shop\/#organization\",\"name\":\"GIANTEC SRL\",\"url\":\"https:\/\/giantec.shop\/\",\"logo\":{\"@type\":\"ImageObject\",\"inLanguage\":\"de\",\"@id\":\"https:\/\/giantec.shop\/#\/schema\/logo\/image\/\",\"url\":\"https:\/\/giantec.shop\/wp-content\/uploads\/2023\/02\/Giantec-Logo.png\",\"contentUrl\":\"https:\/\/giantec.shop\/wp-content\/uploads\/2023\/02\/Giantec-Logo.png\",\"width\":596,\"height\":158,\"caption\":\"GIANTEC SRL\"},\"image\":{\"@id\":\"https:\/\/giantec.shop\/#\/schema\/logo\/image\/\"},\"sameAs\":[\"https:\/\/www.facebook.com\/GianTecExtractions\/\",\"https:\/\/www.instagram.com\/giantec_srl\/\"]}]}<\/script>\n<!-- \/ Yoast SEO plugin. -->","yoast_head_json":{"title":"Terpovet Sanadol + 5% - giantec.shop","robots":{"index":"index","follow":"follow","max-snippet":"max-snippet:-1","max-image-preview":"max-image-preview:large","max-video-preview":"max-video-preview:-1"},"canonical":"https:\/\/giantec.shop\/de\/product\/terpovet-sanadol-5\/","og_locale":"de_DE","og_type":"article","og_title":"Terpovet Sanadol + 5% - giantec.shop","og_description":"CBD + CBG con Mircene ed estratto di Artiglio del Diavolo CPNP REFERENCE 4410839  500 mg CBG + 500 mg CBD","og_url":"https:\/\/giantec.shop\/de\/product\/terpovet-sanadol-5\/","og_site_name":"giantec.shop","article_publisher":"https:\/\/www.facebook.com\/GianTecExtractions\/","article_modified_time":"2025-02-28T12:08:26+00:00","og_image":[{"width":1080,"height":1080,"url":"http:\/\/giantec.shop\/wp-content\/uploads\/2024\/03\/sanadol-5.jpg","type":"image\/jpeg"}],"twitter_card":"summary_large_image","twitter_misc":{"Gesch\u00e4tzte Lesezeit":"2\u00a0Minuten"},"schema":{"@context":"https:\/\/schema.org","@graph":[{"@type":"WebPage","@id":"https:\/\/giantec.shop\/product\/terpovet-sanadol-5\/","url":"https:\/\/giantec.shop\/product\/terpovet-sanadol-5\/","name":"Terpovet Sanadol + 5% - giantec.shop","isPartOf":{"@id":"https:\/\/giantec.shop\/#website"},"primaryImageOfPage":{"@id":"https:\/\/giantec.shop\/product\/terpovet-sanadol-5\/#primaryimage"},"image":{"@id":"https:\/\/giantec.shop\/product\/terpovet-sanadol-5\/#primaryimage"},"thumbnailUrl":"https:\/\/giantec.shop\/wp-content\/uploads\/2024\/03\/sanadol-5.jpg","datePublished":"2024-03-27T15:45:49+00:00","dateModified":"2025-02-28T12:08:26+00:00","breadcrumb":{"@id":"https:\/\/giantec.shop\/product\/terpovet-sanadol-5\/#breadcrumb"},"inLanguage":"de","potentialAction":[{"@type":"ReadAction","target":["https:\/\/giantec.shop\/product\/terpovet-sanadol-5\/"]}]},{"@type":"ImageObject","inLanguage":"de","@id":"https:\/\/giantec.shop\/product\/terpovet-sanadol-5\/#primaryimage","url":"https:\/\/giantec.shop\/wp-content\/uploads\/2024\/03\/sanadol-5.jpg","contentUrl":"https:\/\/giantec.shop\/wp-content\/uploads\/2024\/03\/sanadol-5.jpg","width":1080,"height":1080},{"@type":"BreadcrumbList","@id":"https:\/\/giantec.shop\/product\/terpovet-sanadol-5\/#breadcrumb","itemListElement":[{"@type":"ListItem","position":1,"name":"Home","item":"https:\/\/giantec.shop\/"},{"@type":"ListItem","position":2,"name":"Shop","item":"https:\/\/giantec.shop\/shop\/"},{"@type":"ListItem","position":3,"name":"Terpovet Sanadol + 5%"}]},{"@type":"WebSite","@id":"https:\/\/giantec.shop\/#website","url":"https:\/\/giantec.shop\/","name":"GianTec Shop","description":"Oli e prodotti cosmetici con CBD","publisher":{"@id":"https:\/\/giantec.shop\/#organization"},"potentialAction":[{"@type":"SearchAction","target":{"@type":"EntryPoint","urlTemplate":"https:\/\/giantec.shop\/?s={search_term_string}"},"query-input":{"@type":"PropertyValueSpecification","valueRequired":true,"valueName":"search_term_string"}}],"inLanguage":"de"},{"@type":"Organization","@id":"https:\/\/giantec.shop\/#organization","name":"GIANTEC SRL","url":"https:\/\/giantec.shop\/","logo":{"@type":"ImageObject","inLanguage":"de","@id":"https:\/\/giantec.shop\/#\/schema\/logo\/image\/","url":"https:\/\/giantec.shop\/wp-content\/uploads\/2023\/02\/Giantec-Logo.png","contentUrl":"https:\/\/giantec.shop\/wp-content\/uploads\/2023\/02\/Giantec-Logo.png","width":596,"height":158,"caption":"GIANTEC SRL"},"image":{"@id":"https:\/\/giantec.shop\/#\/schema\/logo\/image\/"},"sameAs":["https:\/\/www.facebook.com\/GianTecExtractions\/","https:\/\/www.instagram.com\/giantec_srl\/"]}]}},"jetpack_sharing_enabled":true,"_links":{"self":[{"href":"https:\/\/giantec.shop\/de\/wp-json\/wp\/v2\/product\/946","targetHints":{"allow":["GET"]}}],"collection":[{"href":"https:\/\/giantec.shop\/de\/wp-json\/wp\/v2\/product"}],"about":[{"href":"https:\/\/giantec.shop\/de\/wp-json\/wp\/v2\/types\/product"}],"replies":[{"embeddable":true,"href":"https:\/\/giantec.shop\/de\/wp-json\/wp\/v2\/comments?post=946"}],"wp:featuredmedia":[{"embeddable":true,"href":"https:\/\/giantec.shop\/de\/wp-json\/wp\/v2\/media\/940"}],"wp:attachment":[{"href":"https:\/\/giantec.shop\/de\/wp-json\/wp\/v2\/media?parent=946"}],"wp:term":[{"taxonomy":"product_brand","embeddable":true,"href":"https:\/\/giantec.shop\/de\/wp-json\/wp\/v2\/product_brand?post=946"},{"taxonomy":"product_cat","embeddable":true,"href":"https:\/\/giantec.shop\/de\/wp-json\/wp\/v2\/product_cat?post=946"},{"taxonomy":"product_tag","embeddable":true,"href":"https:\/\/giantec.shop\/de\/wp-json\/wp\/v2\/product_tag?post=946"}],"curies":[{"name":"wp","href":"https:\/\/api.w.org\/{rel}","templated":true}]}}