{"id":196,"date":"2023-02-15T11:12:45","date_gmt":"2023-02-15T10:12:45","guid":{"rendered":"https:\/\/giantec.shop\/?post_type=product&#038;p=196"},"modified":"2024-12-19T18:05:55","modified_gmt":"2024-12-19T17:05:55","slug":"olio-body-relief","status":"publish","type":"product","link":"https:\/\/giantec.shop\/de\/product\/olio-body-relief\/","title":{"rendered":"\u00d6l Body Relief"},"content":{"rendered":"<h3><strong>BODY RELIEF \u2013 Massage\u00f6l<\/strong><\/h3>\n<p><strong>Art der Anwendung:\u00a0<\/strong><span style=\"font-size: 14.4px;\">Eine kleine Menge des Produkts auf die betroffenen Hautpartien oder auf die Fu\u00dfsohle auftragen.<\/span><\/p>\n<p class=\"translation-block\"><b>Beschreibung: <\/b>Das neueste Produkt von GreenLabs ist speziell f\u00fcr Sport- und Wellnessliebhaber konzipiert und vereint zwei Produkte in einem: ein aktivierendes PRE-RACE-\u00d6l und ein entspannendes POST-RACE-\u00d6l. Sportmassage, wie wir wissen, ist eine Art von Massage, die vor, w\u00e4hrend und nach sportlichen Aktivit\u00e4ten angewendet wird. Je nach Person, Massageziel und Zeitpunkt in Bezug auf die sportliche Aktivit\u00e4t werden bestimmte \u00d6le bevorzugt, die nach den Wirkstoffen und den Vorteilen ausgew\u00e4hlt werden.\n\nWenn wir beispielsweise \u00fcber die pr\u00e4gara Sportmassage sprechen, deren Hauptzweck es ist, die Muskeln aufzuw\u00e4rmen und sie auf sportliche Anstrengungen vorzubereiten, ist ein kapillarisierendes \u00d6l ideal, das die Durchblutung der Muskeln f\u00f6rdert und so die lokale Temperatur in den Bereichen erh\u00f6ht, die von der sportlichen Aktivit\u00e4t am st\u00e4rksten betroffen sein werden.\n\nF\u00fcr die Post-Gara-Massage wird hingegen ein entspannendes \u00d6l mit erfrischenden, entlastenden und beruhigenden Eigenschaften empfohlen. Wie ist es also m\u00f6glich, dass ein einziges \u00d6l diese gegens\u00e4tzlichen Funktionen erf\u00fcllt? Die Antwort ist sehr einfach: dank CBD und seiner INTERAKTION mit dem Endocannabinoid-System (ECS).\n\nWie ein echter Dirigent, der den H\u00f6hepunkt einer Symphonie bestimmt und verschiedenen Musikinstrumenten innerhalb einer Melodie langsamere oder aufgeregtere Rhythmen vorschreibt, so handelt das Endocannabinoid-System, das die Funktionen der Hom\u00f6ostase und der Regulation des muskuloskelettalen Systems \u00fcberwacht, in beiden Richtungen multitaskingf\u00e4hig: Es aktiviert und tonisiert vor dem Rennen und entspannt und erfrischt nach dem Rennen.\n\nDie Anwesenheit von Komponenten mit unterschiedlichen funktionellen und 100% nat\u00fcrlichen Eigenschaften im gleichen \u00d6l, die topisch wirken, optimiert und erg\u00e4nzt die grundlegende systemische Arbeit, die durch die Aktivierung des ECS (Endocannabinoid-Systems) durchgef\u00fchrt wird.\n\nZum Beispiel ist Sonnenblumen\u00f6l aufgrund seines hohen Gehalts an Antioxidantien ein ausgezeichnetes Mittel gegen Hautalterung. Dieses \u00d6l ist auch ein hervorragendes antibakterielles Produkt, daher n\u00fctzlich zur Vorbeugung von Akne und Dehnungsstreifen. Es ist auch ein ausgezeichnetes Heilmittel f\u00fcr die Wundheilung.<\/p>\n<p>Weitere Eigenschaften von Sonnenblumenkern\u00f6l In der Massagetherapie sind:<\/p>\n<ul>\n<li>Spendet Feuchtigkeit, macht die Haut elastisch und verbessert ihr Erscheinungsbild;<\/li>\n<li>Linderung von Muskel- und Gelenkschmerzen;<\/li>\n<li>Verbesserung der Durchblutung<\/li>\n<\/ul>\n<p>Die Ringelblume wird wegen ihrer erweichenden und beruhigenden Eigenschaften verwendet. Diese Eigenschaften machen sie zum besten Verb\u00fcndeten bei Muskelerm\u00fcdung im Zusammenhang mit anspruchsvollen t\u00e4glichen Aktivit\u00e4ten oder intensiver k\u00f6rperlicher Aktivit\u00e4t. Die konsequente Nutzung und Anwendung bei entspannenden Massagen erm\u00f6glicht eine schnellere Energier\u00fcckgewinnung.<br \/>\nconsente un recupero pi\u00f9 rapido delle energie.<br \/>\nEfeu hingegen ist ein starkes Drainagemittel und wird bei der Massage dazu verwendet, die Beine nach dem Training abschwellen und entw\u00e4ssern zu lassen.<br \/>\nArgan\u00f6l hingegen ist ein hochwirksames antioxidatives Tonikum, das zusammen mit den revitalisierenden und anregenden Eigenschaften des Hopfens dazu dient, den K\u00f6rper optimal auf ein Rennen und jede Art von sportlicher und au\u00dfersportlicher Leistung vorzubereiten.<\/p>\n<p>Treffen Sie also eine erfolgreiche Wahl: Nutzen Sie BODY RELIEF f\u00fcr Ihren K\u00f6rper!<\/p>","protected":false},"excerpt":{"rendered":"<p><strong>Massage\u00f6l mit CBD<\/strong><\/p>\n<p><strong>CPNP REFERENCE\u00a0<\/strong> 4237684<\/p>\n<p><strong>INCI:<\/strong>Helianthus annuus seed oil, Olea europea fruit oil, Hedera helix leaf extract, Calendula officinalis flower extract, Argania spinosa kernel oil, Humulus lupulus flower extract, SIMMONDSIA CHINENSIS SEED OIL, Cannabis sativa seed oil, LAVANDULA ANGUSTIFOLIA OIL, Cannabis sativa leaf extract, Cannabidiol, Tocopherol.<\/p>\n<p><strong>Allergens:\u00a0<\/strong><span style=\"font-size: 14.4px;\">linalool, limonene, cinnamal, coumarin, citronellol.<\/span><\/p>\n<p><strong>Inhalt: <\/strong>120 ml | 4,1 fl.OZ<\/p>","protected":false},"featured_media":184,"comment_status":"open","ping_status":"closed","template":"","meta":[],"product_brand":[],"product_cat":[76,73],"product_tag":[40,18,39,58,17,56],"class_list":{"0":"post-196","1":"product","2":"type-product","3":"status-publish","4":"has-post-thumbnail","6":"product_cat-tutti-i-prodotti","7":"product_cat-wellness-beauty","8":"product_tag-beauty","9":"product_tag-cbd","10":"product_tag-cosmetici","11":"product_tag-massaggio","12":"product_tag-olio","13":"product_tag-pelle","15":"first","16":"instock","17":"taxable","18":"shipping-taxable","19":"purchasable","20":"product-type-simple"},"yoast_head":"<!-- This site is optimized with the Yoast SEO plugin v27.1.1 - https:\/\/yoast.com\/product\/yoast-seo-wordpress\/ -->\n<title>Olio Body Relief - giantec.shop<\/title>\n<meta name=\"robots\" content=\"index, follow, max-snippet:-1, max-image-preview:large, max-video-preview:-1\" \/>\n<link rel=\"canonical\" href=\"https:\/\/giantec.shop\/de\/product\/olio-body-relief\/\" \/>\n<meta property=\"og:locale\" content=\"de_DE\" \/>\n<meta property=\"og:type\" content=\"article\" \/>\n<meta property=\"og:title\" content=\"Olio Body Relief - giantec.shop\" \/>\n<meta property=\"og:description\" content=\"Olio da massaggio Full Body con CBD  CPNP REFERENCE\u00a0 4237684  INCI:Helianthus annuus seed oil, Olea europea fruit oil, Hedera helix leaf extract, Calendula officinalis flower extract, Argania spinosa kernel oil, Humulus lupulus flower extract, SIMMONDSIA CHINENSIS SEED OIL, Cannabis sativa seed oil, LAVANDULA ANGUSTIFOLIA OIL, Cannabis sativa leaf extract, Cannabidiol, Tocopherol.  Allergens:\u00a0linalool, limonene, cinnamal, coumarin, citronellol.  Contenuto: 120 ml | 4,1 fl.OZ\" \/>\n<meta property=\"og:url\" content=\"https:\/\/giantec.shop\/de\/product\/olio-body-relief\/\" \/>\n<meta property=\"og:site_name\" content=\"giantec.shop\" \/>\n<meta property=\"article:publisher\" content=\"https:\/\/www.facebook.com\/GianTecExtractions\/\" \/>\n<meta property=\"article:modified_time\" content=\"2024-12-19T17:05:55+00:00\" \/>\n<meta property=\"og:image\" content=\"http:\/\/giantec.shop\/wp-content\/uploads\/2023\/02\/body-relief-olio-da-massaggi-con-cbd.jpg\" \/>\n\t<meta property=\"og:image:width\" content=\"1000\" \/>\n\t<meta property=\"og:image:height\" content=\"1000\" \/>\n\t<meta property=\"og:image:type\" content=\"image\/jpeg\" \/>\n<meta name=\"twitter:card\" content=\"summary_large_image\" \/>\n<meta name=\"twitter:label1\" content=\"Gesch\u00e4tzte Lesezeit\" \/>\n\t<meta name=\"twitter:data1\" content=\"3\u00a0Minuten\" \/>\n<script type=\"application\/ld+json\" class=\"yoast-schema-graph\">{\"@context\":\"https:\/\/schema.org\",\"@graph\":[{\"@type\":\"WebPage\",\"@id\":\"https:\/\/giantec.shop\/product\/olio-body-relief\/\",\"url\":\"https:\/\/giantec.shop\/product\/olio-body-relief\/\",\"name\":\"Olio Body Relief - giantec.shop\",\"isPartOf\":{\"@id\":\"https:\/\/giantec.shop\/#website\"},\"primaryImageOfPage\":{\"@id\":\"https:\/\/giantec.shop\/product\/olio-body-relief\/#primaryimage\"},\"image\":{\"@id\":\"https:\/\/giantec.shop\/product\/olio-body-relief\/#primaryimage\"},\"thumbnailUrl\":\"https:\/\/giantec.shop\/wp-content\/uploads\/2023\/02\/body-relief-olio-da-massaggi-con-cbd.jpg\",\"datePublished\":\"2023-02-15T10:12:45+00:00\",\"dateModified\":\"2024-12-19T17:05:55+00:00\",\"breadcrumb\":{\"@id\":\"https:\/\/giantec.shop\/product\/olio-body-relief\/#breadcrumb\"},\"inLanguage\":\"de\",\"potentialAction\":[{\"@type\":\"ReadAction\",\"target\":[\"https:\/\/giantec.shop\/product\/olio-body-relief\/\"]}]},{\"@type\":\"ImageObject\",\"inLanguage\":\"de\",\"@id\":\"https:\/\/giantec.shop\/product\/olio-body-relief\/#primaryimage\",\"url\":\"https:\/\/giantec.shop\/wp-content\/uploads\/2023\/02\/body-relief-olio-da-massaggi-con-cbd.jpg\",\"contentUrl\":\"https:\/\/giantec.shop\/wp-content\/uploads\/2023\/02\/body-relief-olio-da-massaggi-con-cbd.jpg\",\"width\":1000,\"height\":1000},{\"@type\":\"BreadcrumbList\",\"@id\":\"https:\/\/giantec.shop\/product\/olio-body-relief\/#breadcrumb\",\"itemListElement\":[{\"@type\":\"ListItem\",\"position\":1,\"name\":\"Home\",\"item\":\"https:\/\/giantec.shop\/\"},{\"@type\":\"ListItem\",\"position\":2,\"name\":\"Shop\",\"item\":\"https:\/\/giantec.shop\/shop\/\"},{\"@type\":\"ListItem\",\"position\":3,\"name\":\"Olio Body Relief\"}]},{\"@type\":\"WebSite\",\"@id\":\"https:\/\/giantec.shop\/#website\",\"url\":\"https:\/\/giantec.shop\/\",\"name\":\"GianTec Shop\",\"description\":\"Oli e prodotti cosmetici con CBD\",\"publisher\":{\"@id\":\"https:\/\/giantec.shop\/#organization\"},\"potentialAction\":[{\"@type\":\"SearchAction\",\"target\":{\"@type\":\"EntryPoint\",\"urlTemplate\":\"https:\/\/giantec.shop\/?s={search_term_string}\"},\"query-input\":{\"@type\":\"PropertyValueSpecification\",\"valueRequired\":true,\"valueName\":\"search_term_string\"}}],\"inLanguage\":\"de\"},{\"@type\":\"Organization\",\"@id\":\"https:\/\/giantec.shop\/#organization\",\"name\":\"GIANTEC SRL\",\"url\":\"https:\/\/giantec.shop\/\",\"logo\":{\"@type\":\"ImageObject\",\"inLanguage\":\"de\",\"@id\":\"https:\/\/giantec.shop\/#\/schema\/logo\/image\/\",\"url\":\"https:\/\/giantec.shop\/wp-content\/uploads\/2023\/02\/Giantec-Logo.png\",\"contentUrl\":\"https:\/\/giantec.shop\/wp-content\/uploads\/2023\/02\/Giantec-Logo.png\",\"width\":596,\"height\":158,\"caption\":\"GIANTEC SRL\"},\"image\":{\"@id\":\"https:\/\/giantec.shop\/#\/schema\/logo\/image\/\"},\"sameAs\":[\"https:\/\/www.facebook.com\/GianTecExtractions\/\",\"https:\/\/www.instagram.com\/giantec_srl\/\"]}]}<\/script>\n<!-- \/ Yoast SEO plugin. -->","yoast_head_json":{"title":"Olio Body Relief - giantec.shop","robots":{"index":"index","follow":"follow","max-snippet":"max-snippet:-1","max-image-preview":"max-image-preview:large","max-video-preview":"max-video-preview:-1"},"canonical":"https:\/\/giantec.shop\/de\/product\/olio-body-relief\/","og_locale":"de_DE","og_type":"article","og_title":"Olio Body Relief - giantec.shop","og_description":"Olio da massaggio Full Body con CBD  CPNP REFERENCE\u00a0 4237684  INCI:Helianthus annuus seed oil, Olea europea fruit oil, Hedera helix leaf extract, Calendula officinalis flower extract, Argania spinosa kernel oil, Humulus lupulus flower extract, SIMMONDSIA CHINENSIS SEED OIL, Cannabis sativa seed oil, LAVANDULA ANGUSTIFOLIA OIL, Cannabis sativa leaf extract, Cannabidiol, Tocopherol.  Allergens:\u00a0linalool, limonene, cinnamal, coumarin, citronellol.  Contenuto: 120 ml | 4,1 fl.OZ","og_url":"https:\/\/giantec.shop\/de\/product\/olio-body-relief\/","og_site_name":"giantec.shop","article_publisher":"https:\/\/www.facebook.com\/GianTecExtractions\/","article_modified_time":"2024-12-19T17:05:55+00:00","og_image":[{"width":1000,"height":1000,"url":"http:\/\/giantec.shop\/wp-content\/uploads\/2023\/02\/body-relief-olio-da-massaggi-con-cbd.jpg","type":"image\/jpeg"}],"twitter_card":"summary_large_image","twitter_misc":{"Gesch\u00e4tzte Lesezeit":"3\u00a0Minuten"},"schema":{"@context":"https:\/\/schema.org","@graph":[{"@type":"WebPage","@id":"https:\/\/giantec.shop\/product\/olio-body-relief\/","url":"https:\/\/giantec.shop\/product\/olio-body-relief\/","name":"Olio Body Relief - giantec.shop","isPartOf":{"@id":"https:\/\/giantec.shop\/#website"},"primaryImageOfPage":{"@id":"https:\/\/giantec.shop\/product\/olio-body-relief\/#primaryimage"},"image":{"@id":"https:\/\/giantec.shop\/product\/olio-body-relief\/#primaryimage"},"thumbnailUrl":"https:\/\/giantec.shop\/wp-content\/uploads\/2023\/02\/body-relief-olio-da-massaggi-con-cbd.jpg","datePublished":"2023-02-15T10:12:45+00:00","dateModified":"2024-12-19T17:05:55+00:00","breadcrumb":{"@id":"https:\/\/giantec.shop\/product\/olio-body-relief\/#breadcrumb"},"inLanguage":"de","potentialAction":[{"@type":"ReadAction","target":["https:\/\/giantec.shop\/product\/olio-body-relief\/"]}]},{"@type":"ImageObject","inLanguage":"de","@id":"https:\/\/giantec.shop\/product\/olio-body-relief\/#primaryimage","url":"https:\/\/giantec.shop\/wp-content\/uploads\/2023\/02\/body-relief-olio-da-massaggi-con-cbd.jpg","contentUrl":"https:\/\/giantec.shop\/wp-content\/uploads\/2023\/02\/body-relief-olio-da-massaggi-con-cbd.jpg","width":1000,"height":1000},{"@type":"BreadcrumbList","@id":"https:\/\/giantec.shop\/product\/olio-body-relief\/#breadcrumb","itemListElement":[{"@type":"ListItem","position":1,"name":"Home","item":"https:\/\/giantec.shop\/"},{"@type":"ListItem","position":2,"name":"Shop","item":"https:\/\/giantec.shop\/shop\/"},{"@type":"ListItem","position":3,"name":"Olio Body Relief"}]},{"@type":"WebSite","@id":"https:\/\/giantec.shop\/#website","url":"https:\/\/giantec.shop\/","name":"GianTec Shop","description":"Oli e prodotti cosmetici con CBD","publisher":{"@id":"https:\/\/giantec.shop\/#organization"},"potentialAction":[{"@type":"SearchAction","target":{"@type":"EntryPoint","urlTemplate":"https:\/\/giantec.shop\/?s={search_term_string}"},"query-input":{"@type":"PropertyValueSpecification","valueRequired":true,"valueName":"search_term_string"}}],"inLanguage":"de"},{"@type":"Organization","@id":"https:\/\/giantec.shop\/#organization","name":"GIANTEC SRL","url":"https:\/\/giantec.shop\/","logo":{"@type":"ImageObject","inLanguage":"de","@id":"https:\/\/giantec.shop\/#\/schema\/logo\/image\/","url":"https:\/\/giantec.shop\/wp-content\/uploads\/2023\/02\/Giantec-Logo.png","contentUrl":"https:\/\/giantec.shop\/wp-content\/uploads\/2023\/02\/Giantec-Logo.png","width":596,"height":158,"caption":"GIANTEC SRL"},"image":{"@id":"https:\/\/giantec.shop\/#\/schema\/logo\/image\/"},"sameAs":["https:\/\/www.facebook.com\/GianTecExtractions\/","https:\/\/www.instagram.com\/giantec_srl\/"]}]}},"jetpack_sharing_enabled":true,"_links":{"self":[{"href":"https:\/\/giantec.shop\/de\/wp-json\/wp\/v2\/product\/196","targetHints":{"allow":["GET"]}}],"collection":[{"href":"https:\/\/giantec.shop\/de\/wp-json\/wp\/v2\/product"}],"about":[{"href":"https:\/\/giantec.shop\/de\/wp-json\/wp\/v2\/types\/product"}],"replies":[{"embeddable":true,"href":"https:\/\/giantec.shop\/de\/wp-json\/wp\/v2\/comments?post=196"}],"wp:featuredmedia":[{"embeddable":true,"href":"https:\/\/giantec.shop\/de\/wp-json\/wp\/v2\/media\/184"}],"wp:attachment":[{"href":"https:\/\/giantec.shop\/de\/wp-json\/wp\/v2\/media?parent=196"}],"wp:term":[{"taxonomy":"product_brand","embeddable":true,"href":"https:\/\/giantec.shop\/de\/wp-json\/wp\/v2\/product_brand?post=196"},{"taxonomy":"product_cat","embeddable":true,"href":"https:\/\/giantec.shop\/de\/wp-json\/wp\/v2\/product_cat?post=196"},{"taxonomy":"product_tag","embeddable":true,"href":"https:\/\/giantec.shop\/de\/wp-json\/wp\/v2\/product_tag?post=196"}],"curies":[{"name":"wp","href":"https:\/\/api.w.org\/{rel}","templated":true}]}}