{"id":194,"date":"2023-02-15T11:05:03","date_gmt":"2023-02-15T10:05:03","guid":{"rendered":"https:\/\/giantec.shop\/?post_type=product&#038;p=194"},"modified":"2024-12-19T18:06:27","modified_gmt":"2024-12-19T17:06:27","slug":"candela-body-pleasure","status":"publish","type":"product","link":"https:\/\/giantec.shop\/de\/product\/candela-body-pleasure\/","title":{"rendered":"Kerze Body Pleasure"},"content":{"rendered":"<h3><strong>Ganzk\u00f6rper-Massagekerze mit CBD<\/strong><\/h3>\n<p><strong>Art der Anwendung: \u00a0<\/strong><span style=\"font-size: 14.4px;\">Z\u00fcnden Sie die Kerze an und lassen Sie die Butter ca. 5-10 Minuten langsam schmelzen, schalten Sie die Flamme aus und nehmen Sie das noch warme Produkt direkt aus dem Glas, tragen Sie das \u00d6l direkt auf den K\u00f6rper auf und beginnen Sie die Haut zu massieren<\/span><span style=\"font-size: 14.4px;\">.<\/span><span style=\"font-size: 14.4px;\">&nbsp;<\/span><\/p>\n<h3><strong>BODY PLEASURE<\/strong><\/h3>\n<p class=\"translation-block\">Es gibt viele M\u00f6glichkeiten, Leidenschaft in eine Beziehung zu bringen, aber auch sich selbst durch eine Massage f\u00fcr psychophysisches Wohlbefinden Freude zu bereiten: Hier ist die BODY PLEASURE CBD-Massagekerze!\n\nDie ganzheitliche Technik der Kerzenmassage ist eine uralte Praxis. Ein nat\u00fcrlicher und manueller Ansatz macht diese Technik zu einem Allheilmittel f\u00fcr alle, die Wohlbefinden und Entspannung des Organismus suchen. Es hilt nicht nur bei k\u00f6rperlichen und psychischen Beschwerden, sondern versorgt gleichzeitig die Haut mit der n\u00f6tigen Feuchtigkeit  \n \n\nZu den vielen Wirkungen von CBD geh\u00f6rt sicherlich auch die Regulierung von Anandamid.\nEin Endocannabinoid, das f\u00fcr unser Gl\u00fcck und Vergn\u00fcgen verantwortlich ist. Das Geheimnis liegt in der hemmenden Wirkung, die CBD auf das FAAH-Enzym aus\u00fcbt, welches f\u00fcr den Abbau von Anandamid im K\u00f6rper verantwortlich ist.\nSeit jeher sind auch Ringelblume, Salbei, Heckenrose und L\u00f6wenzahn wegen ihrer entz\u00fcndungshemmenden und antiseptischen Wirkung, bekannte nat\u00fcrliche Heilmittel der mediterranen Kr\u00e4utermedizin.<\/p>\n<p>Dank ihrer Wirkung auf die Normalisierung der Mikrozirkulation werden ihnen erweichende, beruhigende, erfrischende und reepithelisierende Funktionen zugeschrieben. Sie sind daher besonders geeignete Pflanzen f\u00fcr trockene, rissige, empfindliche und leicht zu R\u00f6tungen neigende Haut.\n\nDer stark duftende Lavendel ist ein kosmetischer Helfer bei Cellulite, da er entw\u00e4ssernd wirken, den \u00fcbersch\u00fcssigen Talg reduzieren und gereizte Haut beruhigen kann. Dies sorgt f\u00fcr ein angenehmes Wohlbefinden der Haut und zus\u00e4tzliche f\u00fcr Entspannung.<\/p>\n<p>Der stark duftende Lavendel ist ein unterst\u00fctzendes Kosmetikum bei Cellulite, da er eine entw\u00e4ssernde Wirkung aus\u00fcbt und  \u00fcbersch\u00fcssigen Talg reduziert. Er f\u00fchrt zur Linderung und Entspannung von gereizter Haut und dadurch zu allgemeinem Wohlbefinden.<br \/>\nSchlie\u00dflich gilt Zimt seit der Antike als starkes Aphrodisiakum mit direkter Wirkung auf die Libido.<\/p>\n<h4>Probieren Sie es aus und entfachen Sie mit BODY PLEASURE Ihr Vergn\u00fcgen!<\/h4>","protected":false},"excerpt":{"rendered":"<p><strong>Ganzk\u00f6rper-Massagekerze mit CBD<\/strong><\/p>\n<p><strong>CPNP REFERENCE\u00a0<\/strong> 4237673<\/p>\n<p><strong>INCI: <\/strong><span style=\"font-size: 14.4px;\">hidrogenated soybean oil, helianthus annus seed oil, cocos nucifera oil, olea europea fruit oil, theobroma cacao seed butter, calendula officinalis leaf extract, ricinus communis oil, cannabis sativa seed oil, salvia sclarea leaf extract, rosa canina friut extract, taraxacum officinale root extract, cera alba, caprylic\/capric triglycerides, cannabidiol, cinnamon bark essential oil, citrus aurantium dolcis peel oil, cannabis sativa leaf extract, ascorbic acid, tocopheryl acetate.<\/span><\/p>\n<p><strong>Allergens:\u00a0<\/strong><span style=\"font-size: 14.4px;\">limonene,cinnamal,coumarin.<\/span><\/p>\n<p><strong>Inhalt: <\/strong>100 ml | 3,4 fl.OZ<\/p>","protected":false},"featured_media":183,"comment_status":"open","ping_status":"closed","template":"","meta":[],"product_brand":[],"product_cat":[76,73],"product_tag":[40,59,57,18,39,58,56],"class_list":{"0":"post-194","1":"product","2":"type-product","3":"status-publish","4":"has-post-thumbnail","6":"product_cat-tutti-i-prodotti","7":"product_cat-wellness-beauty","8":"product_tag-beauty","9":"product_tag-body-pleasure","10":"product_tag-candela","11":"product_tag-cbd","12":"product_tag-cosmetici","13":"product_tag-massaggio","14":"product_tag-pelle","16":"first","17":"instock","18":"taxable","19":"shipping-taxable","20":"purchasable","21":"product-type-simple"},"yoast_head":"<!-- This site is optimized with the Yoast SEO plugin v27.1.1 - https:\/\/yoast.com\/product\/yoast-seo-wordpress\/ -->\n<title>Candela Body Pleasure - giantec.shop<\/title>\n<meta name=\"robots\" content=\"index, follow, max-snippet:-1, max-image-preview:large, max-video-preview:-1\" \/>\n<link rel=\"canonical\" href=\"https:\/\/giantec.shop\/de\/product\/candela-body-pleasure\/\" \/>\n<meta property=\"og:locale\" content=\"de_DE\" \/>\n<meta property=\"og:type\" content=\"article\" \/>\n<meta property=\"og:title\" content=\"Candela Body Pleasure - giantec.shop\" \/>\n<meta property=\"og:description\" content=\"Candela da massaggio Full Body con CBD  CPNP REFERENCE\u00a0 4237673  INCI: hidrogenated soybean oil, helianthus annus seed oil, cocos nucifera oil, olea europea fruit oil, theobroma cacao seed butter, calendula officinalis leaf extract, ricinus communis oil, cannabis sativa seed oil, salvia sclarea leaf extract, rosa canina friut extract, taraxacum officinale root extract, cera alba, caprylic\/capric triglycerides, cannabidiol, cinnamon bark essential oil, citrus aurantium dolcis peel oil, cannabis sativa leaf extract, ascorbic acid, tocopheryl acetate.  Allergens:\u00a0limonene,cinnamal,coumarin.  Contenuto: 100 ml | 3,4 fl.OZ\" \/>\n<meta property=\"og:url\" content=\"https:\/\/giantec.shop\/de\/product\/candela-body-pleasure\/\" \/>\n<meta property=\"og:site_name\" content=\"giantec.shop\" \/>\n<meta property=\"article:publisher\" content=\"https:\/\/www.facebook.com\/GianTecExtractions\/\" \/>\n<meta property=\"article:modified_time\" content=\"2024-12-19T17:06:27+00:00\" \/>\n<meta property=\"og:image\" content=\"http:\/\/giantec.shop\/wp-content\/uploads\/2023\/02\/body-pleasure-candela-da-massaggio-con-cbd.jpg\" \/>\n\t<meta property=\"og:image:width\" content=\"1000\" \/>\n\t<meta property=\"og:image:height\" content=\"1000\" \/>\n\t<meta property=\"og:image:type\" content=\"image\/jpeg\" \/>\n<meta name=\"twitter:card\" content=\"summary_large_image\" \/>\n<meta name=\"twitter:label1\" content=\"Gesch\u00e4tzte Lesezeit\" \/>\n\t<meta name=\"twitter:data1\" content=\"2\u00a0Minuten\" \/>\n<script type=\"application\/ld+json\" class=\"yoast-schema-graph\">{\"@context\":\"https:\/\/schema.org\",\"@graph\":[{\"@type\":\"WebPage\",\"@id\":\"https:\/\/giantec.shop\/product\/candela-body-pleasure\/\",\"url\":\"https:\/\/giantec.shop\/product\/candela-body-pleasure\/\",\"name\":\"Candela Body Pleasure - giantec.shop\",\"isPartOf\":{\"@id\":\"https:\/\/giantec.shop\/#website\"},\"primaryImageOfPage\":{\"@id\":\"https:\/\/giantec.shop\/product\/candela-body-pleasure\/#primaryimage\"},\"image\":{\"@id\":\"https:\/\/giantec.shop\/product\/candela-body-pleasure\/#primaryimage\"},\"thumbnailUrl\":\"https:\/\/giantec.shop\/wp-content\/uploads\/2023\/02\/body-pleasure-candela-da-massaggio-con-cbd.jpg\",\"datePublished\":\"2023-02-15T10:05:03+00:00\",\"dateModified\":\"2024-12-19T17:06:27+00:00\",\"breadcrumb\":{\"@id\":\"https:\/\/giantec.shop\/product\/candela-body-pleasure\/#breadcrumb\"},\"inLanguage\":\"de\",\"potentialAction\":[{\"@type\":\"ReadAction\",\"target\":[\"https:\/\/giantec.shop\/product\/candela-body-pleasure\/\"]}]},{\"@type\":\"ImageObject\",\"inLanguage\":\"de\",\"@id\":\"https:\/\/giantec.shop\/product\/candela-body-pleasure\/#primaryimage\",\"url\":\"https:\/\/giantec.shop\/wp-content\/uploads\/2023\/02\/body-pleasure-candela-da-massaggio-con-cbd.jpg\",\"contentUrl\":\"https:\/\/giantec.shop\/wp-content\/uploads\/2023\/02\/body-pleasure-candela-da-massaggio-con-cbd.jpg\",\"width\":1000,\"height\":1000},{\"@type\":\"BreadcrumbList\",\"@id\":\"https:\/\/giantec.shop\/product\/candela-body-pleasure\/#breadcrumb\",\"itemListElement\":[{\"@type\":\"ListItem\",\"position\":1,\"name\":\"Home\",\"item\":\"https:\/\/giantec.shop\/\"},{\"@type\":\"ListItem\",\"position\":2,\"name\":\"Shop\",\"item\":\"https:\/\/giantec.shop\/shop\/\"},{\"@type\":\"ListItem\",\"position\":3,\"name\":\"Candela Body Pleasure\"}]},{\"@type\":\"WebSite\",\"@id\":\"https:\/\/giantec.shop\/#website\",\"url\":\"https:\/\/giantec.shop\/\",\"name\":\"GianTec Shop\",\"description\":\"Oli e prodotti cosmetici con CBD\",\"publisher\":{\"@id\":\"https:\/\/giantec.shop\/#organization\"},\"potentialAction\":[{\"@type\":\"SearchAction\",\"target\":{\"@type\":\"EntryPoint\",\"urlTemplate\":\"https:\/\/giantec.shop\/?s={search_term_string}\"},\"query-input\":{\"@type\":\"PropertyValueSpecification\",\"valueRequired\":true,\"valueName\":\"search_term_string\"}}],\"inLanguage\":\"de\"},{\"@type\":\"Organization\",\"@id\":\"https:\/\/giantec.shop\/#organization\",\"name\":\"GIANTEC SRL\",\"url\":\"https:\/\/giantec.shop\/\",\"logo\":{\"@type\":\"ImageObject\",\"inLanguage\":\"de\",\"@id\":\"https:\/\/giantec.shop\/#\/schema\/logo\/image\/\",\"url\":\"https:\/\/giantec.shop\/wp-content\/uploads\/2023\/02\/Giantec-Logo.png\",\"contentUrl\":\"https:\/\/giantec.shop\/wp-content\/uploads\/2023\/02\/Giantec-Logo.png\",\"width\":596,\"height\":158,\"caption\":\"GIANTEC SRL\"},\"image\":{\"@id\":\"https:\/\/giantec.shop\/#\/schema\/logo\/image\/\"},\"sameAs\":[\"https:\/\/www.facebook.com\/GianTecExtractions\/\",\"https:\/\/www.instagram.com\/giantec_srl\/\"]}]}<\/script>\n<!-- \/ Yoast SEO plugin. -->","yoast_head_json":{"title":"Candela Body Pleasure - giantec.shop","robots":{"index":"index","follow":"follow","max-snippet":"max-snippet:-1","max-image-preview":"max-image-preview:large","max-video-preview":"max-video-preview:-1"},"canonical":"https:\/\/giantec.shop\/de\/product\/candela-body-pleasure\/","og_locale":"de_DE","og_type":"article","og_title":"Candela Body Pleasure - giantec.shop","og_description":"Candela da massaggio Full Body con CBD  CPNP REFERENCE\u00a0 4237673  INCI: hidrogenated soybean oil, helianthus annus seed oil, cocos nucifera oil, olea europea fruit oil, theobroma cacao seed butter, calendula officinalis leaf extract, ricinus communis oil, cannabis sativa seed oil, salvia sclarea leaf extract, rosa canina friut extract, taraxacum officinale root extract, cera alba, caprylic\/capric triglycerides, cannabidiol, cinnamon bark essential oil, citrus aurantium dolcis peel oil, cannabis sativa leaf extract, ascorbic acid, tocopheryl acetate.  Allergens:\u00a0limonene,cinnamal,coumarin.  Contenuto: 100 ml | 3,4 fl.OZ","og_url":"https:\/\/giantec.shop\/de\/product\/candela-body-pleasure\/","og_site_name":"giantec.shop","article_publisher":"https:\/\/www.facebook.com\/GianTecExtractions\/","article_modified_time":"2024-12-19T17:06:27+00:00","og_image":[{"width":1000,"height":1000,"url":"http:\/\/giantec.shop\/wp-content\/uploads\/2023\/02\/body-pleasure-candela-da-massaggio-con-cbd.jpg","type":"image\/jpeg"}],"twitter_card":"summary_large_image","twitter_misc":{"Gesch\u00e4tzte Lesezeit":"2\u00a0Minuten"},"schema":{"@context":"https:\/\/schema.org","@graph":[{"@type":"WebPage","@id":"https:\/\/giantec.shop\/product\/candela-body-pleasure\/","url":"https:\/\/giantec.shop\/product\/candela-body-pleasure\/","name":"Candela Body Pleasure - giantec.shop","isPartOf":{"@id":"https:\/\/giantec.shop\/#website"},"primaryImageOfPage":{"@id":"https:\/\/giantec.shop\/product\/candela-body-pleasure\/#primaryimage"},"image":{"@id":"https:\/\/giantec.shop\/product\/candela-body-pleasure\/#primaryimage"},"thumbnailUrl":"https:\/\/giantec.shop\/wp-content\/uploads\/2023\/02\/body-pleasure-candela-da-massaggio-con-cbd.jpg","datePublished":"2023-02-15T10:05:03+00:00","dateModified":"2024-12-19T17:06:27+00:00","breadcrumb":{"@id":"https:\/\/giantec.shop\/product\/candela-body-pleasure\/#breadcrumb"},"inLanguage":"de","potentialAction":[{"@type":"ReadAction","target":["https:\/\/giantec.shop\/product\/candela-body-pleasure\/"]}]},{"@type":"ImageObject","inLanguage":"de","@id":"https:\/\/giantec.shop\/product\/candela-body-pleasure\/#primaryimage","url":"https:\/\/giantec.shop\/wp-content\/uploads\/2023\/02\/body-pleasure-candela-da-massaggio-con-cbd.jpg","contentUrl":"https:\/\/giantec.shop\/wp-content\/uploads\/2023\/02\/body-pleasure-candela-da-massaggio-con-cbd.jpg","width":1000,"height":1000},{"@type":"BreadcrumbList","@id":"https:\/\/giantec.shop\/product\/candela-body-pleasure\/#breadcrumb","itemListElement":[{"@type":"ListItem","position":1,"name":"Home","item":"https:\/\/giantec.shop\/"},{"@type":"ListItem","position":2,"name":"Shop","item":"https:\/\/giantec.shop\/shop\/"},{"@type":"ListItem","position":3,"name":"Candela Body Pleasure"}]},{"@type":"WebSite","@id":"https:\/\/giantec.shop\/#website","url":"https:\/\/giantec.shop\/","name":"GianTec Shop","description":"Oli e prodotti cosmetici con CBD","publisher":{"@id":"https:\/\/giantec.shop\/#organization"},"potentialAction":[{"@type":"SearchAction","target":{"@type":"EntryPoint","urlTemplate":"https:\/\/giantec.shop\/?s={search_term_string}"},"query-input":{"@type":"PropertyValueSpecification","valueRequired":true,"valueName":"search_term_string"}}],"inLanguage":"de"},{"@type":"Organization","@id":"https:\/\/giantec.shop\/#organization","name":"GIANTEC SRL","url":"https:\/\/giantec.shop\/","logo":{"@type":"ImageObject","inLanguage":"de","@id":"https:\/\/giantec.shop\/#\/schema\/logo\/image\/","url":"https:\/\/giantec.shop\/wp-content\/uploads\/2023\/02\/Giantec-Logo.png","contentUrl":"https:\/\/giantec.shop\/wp-content\/uploads\/2023\/02\/Giantec-Logo.png","width":596,"height":158,"caption":"GIANTEC SRL"},"image":{"@id":"https:\/\/giantec.shop\/#\/schema\/logo\/image\/"},"sameAs":["https:\/\/www.facebook.com\/GianTecExtractions\/","https:\/\/www.instagram.com\/giantec_srl\/"]}]}},"jetpack_sharing_enabled":true,"_links":{"self":[{"href":"https:\/\/giantec.shop\/de\/wp-json\/wp\/v2\/product\/194","targetHints":{"allow":["GET"]}}],"collection":[{"href":"https:\/\/giantec.shop\/de\/wp-json\/wp\/v2\/product"}],"about":[{"href":"https:\/\/giantec.shop\/de\/wp-json\/wp\/v2\/types\/product"}],"replies":[{"embeddable":true,"href":"https:\/\/giantec.shop\/de\/wp-json\/wp\/v2\/comments?post=194"}],"wp:featuredmedia":[{"embeddable":true,"href":"https:\/\/giantec.shop\/de\/wp-json\/wp\/v2\/media\/183"}],"wp:attachment":[{"href":"https:\/\/giantec.shop\/de\/wp-json\/wp\/v2\/media?parent=194"}],"wp:term":[{"taxonomy":"product_brand","embeddable":true,"href":"https:\/\/giantec.shop\/de\/wp-json\/wp\/v2\/product_brand?post=194"},{"taxonomy":"product_cat","embeddable":true,"href":"https:\/\/giantec.shop\/de\/wp-json\/wp\/v2\/product_cat?post=194"},{"taxonomy":"product_tag","embeddable":true,"href":"https:\/\/giantec.shop\/de\/wp-json\/wp\/v2\/product_tag?post=194"}],"curies":[{"name":"wp","href":"https:\/\/api.w.org\/{rel}","templated":true}]}}