{"id":181,"date":"2023-02-15T10:27:16","date_gmt":"2023-02-15T09:27:16","guid":{"rendered":"https:\/\/giantec.shop\/?post_type=product&#038;p=181"},"modified":"2024-12-19T18:11:55","modified_gmt":"2024-12-19T17:11:55","slug":"forever-young-stick","status":"publish","type":"product","link":"https:\/\/giantec.shop\/de\/product\/forever-young-stick\/","title":{"rendered":"Forever Young Stick"},"content":{"rendered":"<h3><strong>Anti-Aging-Augenkontur<\/strong><\/h3>\n<p><strong>Art der Anwendung:<\/strong>\u00a0<span style=\"font-size: 14.4px;\">Tragen Sie Forever Young auf die gesamte Augenkontur und auch auf das bewegliche Augenlid auf.<\/span><\/p>\n<p>Das in der Epidermis reichlich vorhandene Endocannabinoid-System (ECS) spielt eine grundlegende Rolle im Gleichgewicht von Hom\u00f6ostase und Zellregeneration. Insbesondere f\u00f6rdert es die Bek\u00e4mpfung des Zellverfalls aufgrund von Stress und Alterung. Deshalb d\u00fcrfen unsere cannabinoidreichen \u00d6le in der Kosmetik der Zukunft nicht fehlen!<\/p>\n<p class=\"translation-block\">Aus dieser Perspektive entstand in unseren Laboren die FOREVER YOUNG Anti-Aging-Augenkontur als wahres ELIXIER f\u00fcr Sch\u00f6nheit und Jugend!\nDiese Formel wird in einem praktischen Stick-Format pr\u00e4sentiert und ist f\u00fcr die moderne Frau konzipiert, die immer in Eile ist und ein Multitasking-Leben f\u00fchren m\u00f6chte. Inmitten der Hektik des Alltags ist die Bequemlichkeit eines Sticks, den man in der Tasche aufbewahren kann und der einem die Finger nicht schmutzig macht, unerl\u00e4sslich!<\/p>\n<p>Zus\u00e4tzlich zum ECS ACTIVATOR 20 % enth\u00e4lt FOREVER YOUNG:<\/p>\n<ul>\n<li>Reines Bienenwachs:\n       zur Steigerung der Zellregenerationswirkung<\/li>\n<li>Zitronenmelisse und Malve: \n       eignen sich sowohl zur Bek\u00e4mpfung von Falten, als auch zur Beruhigung von empfindlich ger\u00f6teter Haut. Ihre Phenole wirken au\u00dferdem antioxidativ und sch\u00fctzen die Haut vor Sch\u00e4den durch freie Radikale. Sie verlangsamen den Hautalterungsprozess und \u00fcben eine Anti-Aging-Wirkung aus.<\/li>\n<li>Sheabutter und Vitamin E: \n      sind f\u00fcr die Feuchtigkeit und Elastizit\u00e4t der Haut unerl\u00e4sslich und verbessern ihre Ausstrahlung.<\/li>\n<li>Hyalurons\u00e4ure ist wahrlich der K\u00f6nig der Anti-Aging-Wirkstoffe. Sie ist in der Lage, Wassermolek\u00fcle in der Haut zu binden und sie weich und elastisch zu halten.<\/li>\n<\/ul>\n<h4>Sein Gesicht zu lieben bedeutet, FOREVER YOUNG zu verwenden<\/h4>","protected":false},"excerpt":{"rendered":"<p><strong>Anti-Aging-Augenkontur<\/strong><\/p>\n<p><strong>CPNP REFERENCE\u00a0<\/strong>4237711<\/p>\n<p><strong>INCI:<\/strong> helianthus annus seed oil, olea europea fruit oil, cera alba, melissa officinalis leaf oil, malva sylvestris flower leaf extract, ricinus communis oil, crataegus monogyna flower extract, cannabis sativa seed oil, prunus amygdalus dulcis fruit extract, shea butter, caprylic\/capric triglycerides, cannabis sativa leaf extract, sodium hyaluronic acid, cannabidiol, ascorbic acid, tocopherol.<\/p>\n<p><strong>Allergens:<\/strong> citral, citronellal, citronellol, geraniol.<\/p>\n<p><strong>Inhalt: <\/strong>5 ml | 0,2 fl.OZ<\/p>","protected":false},"featured_media":624,"comment_status":"open","ping_status":"closed","template":"","meta":[],"product_brand":[],"product_cat":[76,73],"product_tag":[40,18,42,39,44,43,41],"class_list":{"0":"post-181","1":"product","2":"type-product","3":"status-publish","4":"has-post-thumbnail","6":"product_cat-tutti-i-prodotti","7":"product_cat-wellness-beauty","8":"product_tag-beauty","9":"product_tag-cbd","10":"product_tag-contorno-occhi","11":"product_tag-cosmetici","12":"product_tag-day","13":"product_tag-forever-young","14":"product_tag-occhi","16":"first","17":"instock","18":"taxable","19":"shipping-taxable","20":"purchasable","21":"product-type-simple"},"yoast_head":"<!-- This site is optimized with the Yoast SEO plugin v27.1.1 - https:\/\/yoast.com\/product\/yoast-seo-wordpress\/ -->\n<title>Forever Young Stick - giantec.shop<\/title>\n<meta name=\"robots\" content=\"index, follow, max-snippet:-1, max-image-preview:large, max-video-preview:-1\" \/>\n<link rel=\"canonical\" href=\"https:\/\/giantec.shop\/de\/product\/forever-young-stick\/\" \/>\n<meta property=\"og:locale\" content=\"de_DE\" \/>\n<meta property=\"og:type\" content=\"article\" \/>\n<meta property=\"og:title\" content=\"Forever Young Stick - giantec.shop\" \/>\n<meta property=\"og:description\" content=\"Contorno Occhi Anti-Aging (Giorno)  CPNP REFERENCE\u00a04237711  INCI: helianthus annus seed oil, olea europea fruit oil, cera alba, melissa officinalis leaf oil, malva sylvestris flower leaf extract, ricinus communis oil, crataegus monogyna flower extract, cannabis sativa seed oil, prunus amygdalus dulcis fruit extract, shea butter, caprylic\/capric triglycerides, cannabis sativa leaf extract, sodium hyaluronic acid, cannabidiol, ascorbic acid, tocopherol.  Allergens: citral, citronellal, citronellol, geraniol.  Contenuto: 5 ml | 0,2 fl.OZ\" \/>\n<meta property=\"og:url\" content=\"https:\/\/giantec.shop\/de\/product\/forever-young-stick\/\" \/>\n<meta property=\"og:site_name\" content=\"giantec.shop\" \/>\n<meta property=\"article:publisher\" content=\"https:\/\/www.facebook.com\/GianTecExtractions\/\" \/>\n<meta property=\"article:modified_time\" content=\"2024-12-19T17:11:55+00:00\" \/>\n<meta property=\"og:image\" content=\"http:\/\/giantec.shop\/wp-content\/uploads\/2023\/02\/Forever-Young-Stick-GianTec.jpg\" \/>\n\t<meta property=\"og:image:width\" content=\"1000\" \/>\n\t<meta property=\"og:image:height\" content=\"1000\" \/>\n\t<meta property=\"og:image:type\" content=\"image\/jpeg\" \/>\n<meta name=\"twitter:card\" content=\"summary_large_image\" \/>\n<meta name=\"twitter:label1\" content=\"Gesch\u00e4tzte Lesezeit\" \/>\n\t<meta name=\"twitter:data1\" content=\"2\u00a0Minuten\" \/>\n<script type=\"application\/ld+json\" class=\"yoast-schema-graph\">{\"@context\":\"https:\/\/schema.org\",\"@graph\":[{\"@type\":\"WebPage\",\"@id\":\"https:\/\/giantec.shop\/product\/forever-young-stick\/\",\"url\":\"https:\/\/giantec.shop\/product\/forever-young-stick\/\",\"name\":\"Forever Young Stick - giantec.shop\",\"isPartOf\":{\"@id\":\"https:\/\/giantec.shop\/#website\"},\"primaryImageOfPage\":{\"@id\":\"https:\/\/giantec.shop\/product\/forever-young-stick\/#primaryimage\"},\"image\":{\"@id\":\"https:\/\/giantec.shop\/product\/forever-young-stick\/#primaryimage\"},\"thumbnailUrl\":\"https:\/\/giantec.shop\/wp-content\/uploads\/2023\/02\/Forever-Young-Stick-GianTec.jpg\",\"datePublished\":\"2023-02-15T09:27:16+00:00\",\"dateModified\":\"2024-12-19T17:11:55+00:00\",\"breadcrumb\":{\"@id\":\"https:\/\/giantec.shop\/product\/forever-young-stick\/#breadcrumb\"},\"inLanguage\":\"de\",\"potentialAction\":[{\"@type\":\"ReadAction\",\"target\":[\"https:\/\/giantec.shop\/product\/forever-young-stick\/\"]}]},{\"@type\":\"ImageObject\",\"inLanguage\":\"de\",\"@id\":\"https:\/\/giantec.shop\/product\/forever-young-stick\/#primaryimage\",\"url\":\"https:\/\/giantec.shop\/wp-content\/uploads\/2023\/02\/Forever-Young-Stick-GianTec.jpg\",\"contentUrl\":\"https:\/\/giantec.shop\/wp-content\/uploads\/2023\/02\/Forever-Young-Stick-GianTec.jpg\",\"width\":1000,\"height\":1000},{\"@type\":\"BreadcrumbList\",\"@id\":\"https:\/\/giantec.shop\/product\/forever-young-stick\/#breadcrumb\",\"itemListElement\":[{\"@type\":\"ListItem\",\"position\":1,\"name\":\"Home\",\"item\":\"https:\/\/giantec.shop\/\"},{\"@type\":\"ListItem\",\"position\":2,\"name\":\"Shop\",\"item\":\"https:\/\/giantec.shop\/shop\/\"},{\"@type\":\"ListItem\",\"position\":3,\"name\":\"Forever Young Stick\"}]},{\"@type\":\"WebSite\",\"@id\":\"https:\/\/giantec.shop\/#website\",\"url\":\"https:\/\/giantec.shop\/\",\"name\":\"GianTec Shop\",\"description\":\"Oli e prodotti cosmetici con CBD\",\"publisher\":{\"@id\":\"https:\/\/giantec.shop\/#organization\"},\"potentialAction\":[{\"@type\":\"SearchAction\",\"target\":{\"@type\":\"EntryPoint\",\"urlTemplate\":\"https:\/\/giantec.shop\/?s={search_term_string}\"},\"query-input\":{\"@type\":\"PropertyValueSpecification\",\"valueRequired\":true,\"valueName\":\"search_term_string\"}}],\"inLanguage\":\"de\"},{\"@type\":\"Organization\",\"@id\":\"https:\/\/giantec.shop\/#organization\",\"name\":\"GIANTEC SRL\",\"url\":\"https:\/\/giantec.shop\/\",\"logo\":{\"@type\":\"ImageObject\",\"inLanguage\":\"de\",\"@id\":\"https:\/\/giantec.shop\/#\/schema\/logo\/image\/\",\"url\":\"https:\/\/giantec.shop\/wp-content\/uploads\/2023\/02\/Giantec-Logo.png\",\"contentUrl\":\"https:\/\/giantec.shop\/wp-content\/uploads\/2023\/02\/Giantec-Logo.png\",\"width\":596,\"height\":158,\"caption\":\"GIANTEC SRL\"},\"image\":{\"@id\":\"https:\/\/giantec.shop\/#\/schema\/logo\/image\/\"},\"sameAs\":[\"https:\/\/www.facebook.com\/GianTecExtractions\/\",\"https:\/\/www.instagram.com\/giantec_srl\/\"]}]}<\/script>\n<!-- \/ Yoast SEO plugin. -->","yoast_head_json":{"title":"Forever Young Stick - giantec.shop","robots":{"index":"index","follow":"follow","max-snippet":"max-snippet:-1","max-image-preview":"max-image-preview:large","max-video-preview":"max-video-preview:-1"},"canonical":"https:\/\/giantec.shop\/de\/product\/forever-young-stick\/","og_locale":"de_DE","og_type":"article","og_title":"Forever Young Stick - giantec.shop","og_description":"Contorno Occhi Anti-Aging (Giorno)  CPNP REFERENCE\u00a04237711  INCI: helianthus annus seed oil, olea europea fruit oil, cera alba, melissa officinalis leaf oil, malva sylvestris flower leaf extract, ricinus communis oil, crataegus monogyna flower extract, cannabis sativa seed oil, prunus amygdalus dulcis fruit extract, shea butter, caprylic\/capric triglycerides, cannabis sativa leaf extract, sodium hyaluronic acid, cannabidiol, ascorbic acid, tocopherol.  Allergens: citral, citronellal, citronellol, geraniol.  Contenuto: 5 ml | 0,2 fl.OZ","og_url":"https:\/\/giantec.shop\/de\/product\/forever-young-stick\/","og_site_name":"giantec.shop","article_publisher":"https:\/\/www.facebook.com\/GianTecExtractions\/","article_modified_time":"2024-12-19T17:11:55+00:00","og_image":[{"width":1000,"height":1000,"url":"http:\/\/giantec.shop\/wp-content\/uploads\/2023\/02\/Forever-Young-Stick-GianTec.jpg","type":"image\/jpeg"}],"twitter_card":"summary_large_image","twitter_misc":{"Gesch\u00e4tzte Lesezeit":"2\u00a0Minuten"},"schema":{"@context":"https:\/\/schema.org","@graph":[{"@type":"WebPage","@id":"https:\/\/giantec.shop\/product\/forever-young-stick\/","url":"https:\/\/giantec.shop\/product\/forever-young-stick\/","name":"Forever Young Stick - giantec.shop","isPartOf":{"@id":"https:\/\/giantec.shop\/#website"},"primaryImageOfPage":{"@id":"https:\/\/giantec.shop\/product\/forever-young-stick\/#primaryimage"},"image":{"@id":"https:\/\/giantec.shop\/product\/forever-young-stick\/#primaryimage"},"thumbnailUrl":"https:\/\/giantec.shop\/wp-content\/uploads\/2023\/02\/Forever-Young-Stick-GianTec.jpg","datePublished":"2023-02-15T09:27:16+00:00","dateModified":"2024-12-19T17:11:55+00:00","breadcrumb":{"@id":"https:\/\/giantec.shop\/product\/forever-young-stick\/#breadcrumb"},"inLanguage":"de","potentialAction":[{"@type":"ReadAction","target":["https:\/\/giantec.shop\/product\/forever-young-stick\/"]}]},{"@type":"ImageObject","inLanguage":"de","@id":"https:\/\/giantec.shop\/product\/forever-young-stick\/#primaryimage","url":"https:\/\/giantec.shop\/wp-content\/uploads\/2023\/02\/Forever-Young-Stick-GianTec.jpg","contentUrl":"https:\/\/giantec.shop\/wp-content\/uploads\/2023\/02\/Forever-Young-Stick-GianTec.jpg","width":1000,"height":1000},{"@type":"BreadcrumbList","@id":"https:\/\/giantec.shop\/product\/forever-young-stick\/#breadcrumb","itemListElement":[{"@type":"ListItem","position":1,"name":"Home","item":"https:\/\/giantec.shop\/"},{"@type":"ListItem","position":2,"name":"Shop","item":"https:\/\/giantec.shop\/shop\/"},{"@type":"ListItem","position":3,"name":"Forever Young Stick"}]},{"@type":"WebSite","@id":"https:\/\/giantec.shop\/#website","url":"https:\/\/giantec.shop\/","name":"GianTec Shop","description":"Oli e prodotti cosmetici con CBD","publisher":{"@id":"https:\/\/giantec.shop\/#organization"},"potentialAction":[{"@type":"SearchAction","target":{"@type":"EntryPoint","urlTemplate":"https:\/\/giantec.shop\/?s={search_term_string}"},"query-input":{"@type":"PropertyValueSpecification","valueRequired":true,"valueName":"search_term_string"}}],"inLanguage":"de"},{"@type":"Organization","@id":"https:\/\/giantec.shop\/#organization","name":"GIANTEC SRL","url":"https:\/\/giantec.shop\/","logo":{"@type":"ImageObject","inLanguage":"de","@id":"https:\/\/giantec.shop\/#\/schema\/logo\/image\/","url":"https:\/\/giantec.shop\/wp-content\/uploads\/2023\/02\/Giantec-Logo.png","contentUrl":"https:\/\/giantec.shop\/wp-content\/uploads\/2023\/02\/Giantec-Logo.png","width":596,"height":158,"caption":"GIANTEC SRL"},"image":{"@id":"https:\/\/giantec.shop\/#\/schema\/logo\/image\/"},"sameAs":["https:\/\/www.facebook.com\/GianTecExtractions\/","https:\/\/www.instagram.com\/giantec_srl\/"]}]}},"jetpack_sharing_enabled":true,"_links":{"self":[{"href":"https:\/\/giantec.shop\/de\/wp-json\/wp\/v2\/product\/181","targetHints":{"allow":["GET"]}}],"collection":[{"href":"https:\/\/giantec.shop\/de\/wp-json\/wp\/v2\/product"}],"about":[{"href":"https:\/\/giantec.shop\/de\/wp-json\/wp\/v2\/types\/product"}],"replies":[{"embeddable":true,"href":"https:\/\/giantec.shop\/de\/wp-json\/wp\/v2\/comments?post=181"}],"wp:featuredmedia":[{"embeddable":true,"href":"https:\/\/giantec.shop\/de\/wp-json\/wp\/v2\/media\/624"}],"wp:attachment":[{"href":"https:\/\/giantec.shop\/de\/wp-json\/wp\/v2\/media?parent=181"}],"wp:term":[{"taxonomy":"product_brand","embeddable":true,"href":"https:\/\/giantec.shop\/de\/wp-json\/wp\/v2\/product_brand?post=181"},{"taxonomy":"product_cat","embeddable":true,"href":"https:\/\/giantec.shop\/de\/wp-json\/wp\/v2\/product_cat?post=181"},{"taxonomy":"product_tag","embeddable":true,"href":"https:\/\/giantec.shop\/de\/wp-json\/wp\/v2\/product_tag?post=181"}],"curies":[{"name":"wp","href":"https:\/\/api.w.org\/{rel}","templated":true}]}}