{"id":172,"date":"2023-02-15T09:59:14","date_gmt":"2023-02-15T08:59:14","guid":{"rendered":"https:\/\/giantec.shop\/?post_type=product&#038;p=172"},"modified":"2024-12-19T18:08:07","modified_gmt":"2024-12-19T17:08:07","slug":"olio-cbd-positivity","status":"publish","type":"product","link":"https:\/\/giantec.shop\/de\/product\/olio-cbd-positivity\/","title":{"rendered":"\u00d6l-CBD Positivity"},"content":{"rendered":"<div class=\"page\" title=\"Page 13\">\n<div class=\"section\">\n<div class=\"layoutArea\">\n<div class=\"column\">\n<div class=\"page\" title=\"Page 15\">\n<div class=\"layoutArea\">\n<div class=\"column\">\n<div class=\"page\" title=\"Page 16\">\n<div class=\"layoutArea\">\n<div class=\"column\">\n<p>Stressbew\u00e4ltigung mit zus\u00e4tzlicher Hilfe<span class=\"Apple-converted-space\">\u00a0<\/span><\/p>\n<p>Cannabichromen (CBC) ist eines der wichtigsten nat\u00fcrlichen und nicht-psychoaktiven Phytocannabinoide in Cannabis. Es ist zweifellos einer der Hauptkandidaten, um in den kommenden Jahren eine wichtige Rolle in der wissenschaftlichen Forschung zu spielen.\nDie bisherigen klinischen Erkenntnisse haben unsere Green Labs dazu veranlasst, es in Synergie mit Cannabidiol (CBD) zu verwenden, um sein Potenzial durch den Entourage- Effekt voll auszusch\u00f6pfen.\nCBC zeigte in der Studie von Deyo und Musty aus dem Jahr 2003 eine ausgepr\u00e4gte antidepressive Wirkung. CBC hat sich k\u00fcrzlich als starker Inhibitor der AEA-Aufnahme erwiesen (De Petrocellis et al., 2011).\nEine weitere Studie, die 2015 von Forschern der University of Mississippi durchgef\u00fchrt wurde, ergab, dass Probanden, die mit CBC behandelt wurden, eine Verringerung des Stressniveaus erlebten und sogar eine bessere Anpassung an Stress zeigten. Dies bedeutet, dass sie besser auf Ereignisse reagieren konnten, die Spannungen und Sorgen verursachten. Wie wir alle wissen, ist Stress in der modernen Gesellschaft an der Tagesordnung und die Ursache vieler bestehender Krankheiten und Depressionen. Dies gilt besonders wenn er \u00fcber einen l\u00e4ngeren Zeitraum anh\u00e4lt, weshalb ein guter Umgang mit Stress gleichbedeutend ist mit der Vorbeugung von Krankheiten und dem Auftreten depressiver St\u00f6rungen.<span class=\"Apple-converted-space\">\u00a0<\/span><\/p>\n<p>Aus der synergistischen Wirkung von Cannabichromen hat Green Labs die POSITIVITY- Linie in einer einzigartigen Formulierung mit CBD und spezifischen Terpenen entwickelt.<span class=\"Apple-converted-space\">\u00a0<\/span><\/p>\n<\/div>\n<\/div>\n<\/div>\n<\/div>\n<\/div>\n<\/div>\n<\/div>\n<\/div>\n<\/div>\n<\/div>","protected":false},"excerpt":{"rendered":"<h4 class=\"translation-block\">Tonisierendes CBD Hanf\u00f6l - CBD 15% + CBN 5%  + Alfa Pinene<\/h4>\n<p><strong>CPNP REFERENCE<\/strong> 4329395<\/p>\n<p>1500 mg CBD + 500 mg CBG + 500mg CBN<\/p>","protected":false},"featured_media":571,"comment_status":"open","ping_status":"closed","template":"","meta":[],"product_brand":[],"product_cat":[76,16,26],"product_tag":[38,18,19,37],"class_list":{"0":"post-172","1":"product","2":"type-product","3":"status-publish","4":"has-post-thumbnail","6":"product_cat-tutti-i-prodotti","7":"product_cat-oli-di-canapa","8":"product_cat-positivity","9":"product_tag-cbc","10":"product_tag-cbd","11":"product_tag-full-spectrum","12":"product_tag-positivity","14":"first","15":"instock","16":"taxable","17":"shipping-taxable","18":"purchasable","19":"product-type-simple"},"yoast_head":"<!-- This site is optimized with the Yoast SEO plugin v27.1.1 - https:\/\/yoast.com\/product\/yoast-seo-wordpress\/ -->\n<title>Olio CBD Positivity - giantec.shop<\/title>\n<meta name=\"robots\" content=\"index, follow, max-snippet:-1, max-image-preview:large, max-video-preview:-1\" \/>\n<link rel=\"canonical\" href=\"https:\/\/giantec.shop\/de\/product\/olio-cbd-positivity\/\" \/>\n<meta property=\"og:locale\" content=\"de_DE\" \/>\n<meta property=\"og:type\" content=\"article\" \/>\n<meta property=\"og:title\" content=\"Olio CBD Positivity - giantec.shop\" \/>\n<meta property=\"og:description\" content=\"Olio di canapa TONIFICANTE al CBD 15% + CBN 5% + ALFA PINENE CPNP REFERENCE 4329395  1500 mg CBD + 500 mg CBG + 500mg CBN\" \/>\n<meta property=\"og:url\" content=\"https:\/\/giantec.shop\/de\/product\/olio-cbd-positivity\/\" \/>\n<meta property=\"og:site_name\" content=\"giantec.shop\" \/>\n<meta property=\"article:publisher\" content=\"https:\/\/www.facebook.com\/GianTecExtractions\/\" \/>\n<meta property=\"article:modified_time\" content=\"2024-12-19T17:08:07+00:00\" \/>\n<meta property=\"og:image\" content=\"http:\/\/giantec.shop\/wp-content\/uploads\/2023\/02\/POSITIVITY-min.jpg\" \/>\n\t<meta property=\"og:image:width\" content=\"1080\" \/>\n\t<meta property=\"og:image:height\" content=\"1080\" \/>\n\t<meta property=\"og:image:type\" content=\"image\/jpeg\" \/>\n<meta name=\"twitter:card\" content=\"summary_large_image\" \/>\n<meta name=\"twitter:label1\" content=\"Gesch\u00e4tzte Lesezeit\" \/>\n\t<meta name=\"twitter:data1\" content=\"1\u00a0Minute\" \/>\n<script type=\"application\/ld+json\" class=\"yoast-schema-graph\">{\"@context\":\"https:\/\/schema.org\",\"@graph\":[{\"@type\":\"WebPage\",\"@id\":\"https:\/\/giantec.shop\/product\/olio-cbd-positivity\/\",\"url\":\"https:\/\/giantec.shop\/product\/olio-cbd-positivity\/\",\"name\":\"Olio CBD Positivity - giantec.shop\",\"isPartOf\":{\"@id\":\"https:\/\/giantec.shop\/#website\"},\"primaryImageOfPage\":{\"@id\":\"https:\/\/giantec.shop\/product\/olio-cbd-positivity\/#primaryimage\"},\"image\":{\"@id\":\"https:\/\/giantec.shop\/product\/olio-cbd-positivity\/#primaryimage\"},\"thumbnailUrl\":\"https:\/\/giantec.shop\/wp-content\/uploads\/2023\/02\/POSITIVITY-min.jpg\",\"datePublished\":\"2023-02-15T08:59:14+00:00\",\"dateModified\":\"2024-12-19T17:08:07+00:00\",\"breadcrumb\":{\"@id\":\"https:\/\/giantec.shop\/product\/olio-cbd-positivity\/#breadcrumb\"},\"inLanguage\":\"de\",\"potentialAction\":[{\"@type\":\"ReadAction\",\"target\":[\"https:\/\/giantec.shop\/product\/olio-cbd-positivity\/\"]}]},{\"@type\":\"ImageObject\",\"inLanguage\":\"de\",\"@id\":\"https:\/\/giantec.shop\/product\/olio-cbd-positivity\/#primaryimage\",\"url\":\"https:\/\/giantec.shop\/wp-content\/uploads\/2023\/02\/POSITIVITY-min.jpg\",\"contentUrl\":\"https:\/\/giantec.shop\/wp-content\/uploads\/2023\/02\/POSITIVITY-min.jpg\",\"width\":1080,\"height\":1080},{\"@type\":\"BreadcrumbList\",\"@id\":\"https:\/\/giantec.shop\/product\/olio-cbd-positivity\/#breadcrumb\",\"itemListElement\":[{\"@type\":\"ListItem\",\"position\":1,\"name\":\"Home\",\"item\":\"https:\/\/giantec.shop\/\"},{\"@type\":\"ListItem\",\"position\":2,\"name\":\"Shop\",\"item\":\"https:\/\/giantec.shop\/shop\/\"},{\"@type\":\"ListItem\",\"position\":3,\"name\":\"Olio CBD Positivity\"}]},{\"@type\":\"WebSite\",\"@id\":\"https:\/\/giantec.shop\/#website\",\"url\":\"https:\/\/giantec.shop\/\",\"name\":\"GianTec Shop\",\"description\":\"Oli e prodotti cosmetici con CBD\",\"publisher\":{\"@id\":\"https:\/\/giantec.shop\/#organization\"},\"potentialAction\":[{\"@type\":\"SearchAction\",\"target\":{\"@type\":\"EntryPoint\",\"urlTemplate\":\"https:\/\/giantec.shop\/?s={search_term_string}\"},\"query-input\":{\"@type\":\"PropertyValueSpecification\",\"valueRequired\":true,\"valueName\":\"search_term_string\"}}],\"inLanguage\":\"de\"},{\"@type\":\"Organization\",\"@id\":\"https:\/\/giantec.shop\/#organization\",\"name\":\"GIANTEC SRL\",\"url\":\"https:\/\/giantec.shop\/\",\"logo\":{\"@type\":\"ImageObject\",\"inLanguage\":\"de\",\"@id\":\"https:\/\/giantec.shop\/#\/schema\/logo\/image\/\",\"url\":\"https:\/\/giantec.shop\/wp-content\/uploads\/2023\/02\/Giantec-Logo.png\",\"contentUrl\":\"https:\/\/giantec.shop\/wp-content\/uploads\/2023\/02\/Giantec-Logo.png\",\"width\":596,\"height\":158,\"caption\":\"GIANTEC SRL\"},\"image\":{\"@id\":\"https:\/\/giantec.shop\/#\/schema\/logo\/image\/\"},\"sameAs\":[\"https:\/\/www.facebook.com\/GianTecExtractions\/\",\"https:\/\/www.instagram.com\/giantec_srl\/\"]}]}<\/script>\n<!-- \/ Yoast SEO plugin. -->","yoast_head_json":{"title":"Olio CBD Positivity - giantec.shop","robots":{"index":"index","follow":"follow","max-snippet":"max-snippet:-1","max-image-preview":"max-image-preview:large","max-video-preview":"max-video-preview:-1"},"canonical":"https:\/\/giantec.shop\/de\/product\/olio-cbd-positivity\/","og_locale":"de_DE","og_type":"article","og_title":"Olio CBD Positivity - giantec.shop","og_description":"Olio di canapa TONIFICANTE al CBD 15% + CBN 5% + ALFA PINENE CPNP REFERENCE 4329395  1500 mg CBD + 500 mg CBG + 500mg CBN","og_url":"https:\/\/giantec.shop\/de\/product\/olio-cbd-positivity\/","og_site_name":"giantec.shop","article_publisher":"https:\/\/www.facebook.com\/GianTecExtractions\/","article_modified_time":"2024-12-19T17:08:07+00:00","og_image":[{"width":1080,"height":1080,"url":"http:\/\/giantec.shop\/wp-content\/uploads\/2023\/02\/POSITIVITY-min.jpg","type":"image\/jpeg"}],"twitter_card":"summary_large_image","twitter_misc":{"Gesch\u00e4tzte Lesezeit":"1\u00a0Minute"},"schema":{"@context":"https:\/\/schema.org","@graph":[{"@type":"WebPage","@id":"https:\/\/giantec.shop\/product\/olio-cbd-positivity\/","url":"https:\/\/giantec.shop\/product\/olio-cbd-positivity\/","name":"Olio CBD Positivity - giantec.shop","isPartOf":{"@id":"https:\/\/giantec.shop\/#website"},"primaryImageOfPage":{"@id":"https:\/\/giantec.shop\/product\/olio-cbd-positivity\/#primaryimage"},"image":{"@id":"https:\/\/giantec.shop\/product\/olio-cbd-positivity\/#primaryimage"},"thumbnailUrl":"https:\/\/giantec.shop\/wp-content\/uploads\/2023\/02\/POSITIVITY-min.jpg","datePublished":"2023-02-15T08:59:14+00:00","dateModified":"2024-12-19T17:08:07+00:00","breadcrumb":{"@id":"https:\/\/giantec.shop\/product\/olio-cbd-positivity\/#breadcrumb"},"inLanguage":"de","potentialAction":[{"@type":"ReadAction","target":["https:\/\/giantec.shop\/product\/olio-cbd-positivity\/"]}]},{"@type":"ImageObject","inLanguage":"de","@id":"https:\/\/giantec.shop\/product\/olio-cbd-positivity\/#primaryimage","url":"https:\/\/giantec.shop\/wp-content\/uploads\/2023\/02\/POSITIVITY-min.jpg","contentUrl":"https:\/\/giantec.shop\/wp-content\/uploads\/2023\/02\/POSITIVITY-min.jpg","width":1080,"height":1080},{"@type":"BreadcrumbList","@id":"https:\/\/giantec.shop\/product\/olio-cbd-positivity\/#breadcrumb","itemListElement":[{"@type":"ListItem","position":1,"name":"Home","item":"https:\/\/giantec.shop\/"},{"@type":"ListItem","position":2,"name":"Shop","item":"https:\/\/giantec.shop\/shop\/"},{"@type":"ListItem","position":3,"name":"Olio CBD Positivity"}]},{"@type":"WebSite","@id":"https:\/\/giantec.shop\/#website","url":"https:\/\/giantec.shop\/","name":"GianTec Shop","description":"Oli e prodotti cosmetici con CBD","publisher":{"@id":"https:\/\/giantec.shop\/#organization"},"potentialAction":[{"@type":"SearchAction","target":{"@type":"EntryPoint","urlTemplate":"https:\/\/giantec.shop\/?s={search_term_string}"},"query-input":{"@type":"PropertyValueSpecification","valueRequired":true,"valueName":"search_term_string"}}],"inLanguage":"de"},{"@type":"Organization","@id":"https:\/\/giantec.shop\/#organization","name":"GIANTEC SRL","url":"https:\/\/giantec.shop\/","logo":{"@type":"ImageObject","inLanguage":"de","@id":"https:\/\/giantec.shop\/#\/schema\/logo\/image\/","url":"https:\/\/giantec.shop\/wp-content\/uploads\/2023\/02\/Giantec-Logo.png","contentUrl":"https:\/\/giantec.shop\/wp-content\/uploads\/2023\/02\/Giantec-Logo.png","width":596,"height":158,"caption":"GIANTEC SRL"},"image":{"@id":"https:\/\/giantec.shop\/#\/schema\/logo\/image\/"},"sameAs":["https:\/\/www.facebook.com\/GianTecExtractions\/","https:\/\/www.instagram.com\/giantec_srl\/"]}]}},"jetpack_sharing_enabled":true,"_links":{"self":[{"href":"https:\/\/giantec.shop\/de\/wp-json\/wp\/v2\/product\/172","targetHints":{"allow":["GET"]}}],"collection":[{"href":"https:\/\/giantec.shop\/de\/wp-json\/wp\/v2\/product"}],"about":[{"href":"https:\/\/giantec.shop\/de\/wp-json\/wp\/v2\/types\/product"}],"replies":[{"embeddable":true,"href":"https:\/\/giantec.shop\/de\/wp-json\/wp\/v2\/comments?post=172"}],"wp:featuredmedia":[{"embeddable":true,"href":"https:\/\/giantec.shop\/de\/wp-json\/wp\/v2\/media\/571"}],"wp:attachment":[{"href":"https:\/\/giantec.shop\/de\/wp-json\/wp\/v2\/media?parent=172"}],"wp:term":[{"taxonomy":"product_brand","embeddable":true,"href":"https:\/\/giantec.shop\/de\/wp-json\/wp\/v2\/product_brand?post=172"},{"taxonomy":"product_cat","embeddable":true,"href":"https:\/\/giantec.shop\/de\/wp-json\/wp\/v2\/product_cat?post=172"},{"taxonomy":"product_tag","embeddable":true,"href":"https:\/\/giantec.shop\/de\/wp-json\/wp\/v2\/product_tag?post=172"}],"curies":[{"name":"wp","href":"https:\/\/api.w.org\/{rel}","templated":true}]}}