{"id":171,"date":"2023-02-15T09:58:08","date_gmt":"2023-02-15T08:58:08","guid":{"rendered":"https:\/\/giantec.shop\/?post_type=product&#038;p=171"},"modified":"2024-12-19T18:08:23","modified_gmt":"2024-12-19T17:08:23","slug":"olio-cbd-relax-20","status":"publish","type":"product","link":"https:\/\/giantec.shop\/de\/product\/olio-cbd-relax-20\/","title":{"rendered":"\u00d6l-CBD Relax 20%"},"content":{"rendered":"<div class=\"page\" title=\"Page 13\">\n<div class=\"section\">\n<div class=\"layoutArea\">\n<div class=\"column\">\n<div class=\"page\" title=\"Page 15\">\n<div class=\"layoutArea\">\n<div class=\"column\">\n<p>Die Entdeckung von Cannabinol (CBN) und seiner Struktur geht auf das Jahr 1940 durch Dr. Roger Adams zur\u00fcck. Die eigentliche Isolierung des Molek\u00fcls erfolgte jedoch erst einige Jahre sp\u00e4ter, im Jahr 1963, durch die Studien von Raphael Mechoulam, der die potenziell positive Wirkung von Cannabinol in Laborversuchen analysierte. Mit der Entdeckung von THC, dem psychotropen Wirkstoff in Cannabis, schwand das Interesse an CBN, um dann in den letzten Jahren durch die internationale Forschung ein Comeback zu erleben.<span class=\"Apple-converted-space\">\u00a0<\/span><\/p>\n<p>Im Gegensatz zu THC ist CBN ein Phytocannabinoid, das v\u00f6llig frei von psychotropen Wirkungen ist.\nAuf internationaler Ebene wird noch viel geforscht, und auch die Green Labs von GianTec forschen an diesem vielversprechenden Cannabinoid sowohl in der Human- als auch in der Tiermedizin.<span class=\"Apple-converted-space\">\u00a0<\/span><\/p>\n<p>CBN ist haupts\u00e4chlich wegen seiner sedativen und entspannenden Wirkung bekannt. Obwohl man mittlerweile sicher sagen kann, dass diese auch durch die Synergie mit den anderen Haupt-Cannbinoiden wie CBD stark beeinflusst wird.\nAus diesen wissenschaftlichen Erkenntnissen entstand die Relax-Linie von Green Labs by GianTec.<span class=\"Apple-converted-space\">\u00a0<\/span><\/p>\n<\/div>\n<\/div>\n<\/div>\n<\/div>\n<\/div>\n<\/div>\n<\/div>","protected":false},"excerpt":{"rendered":"<h4 class=\"translation-block\"><b>Entspannendes<\/b> CBD-\u00d6l mit CBN + Myrcen<\/h4>\n<p><strong>CPNP REFERENCE<\/strong> 4329403<\/p>\n<p>2000mg CBN + 2000mg CBD<\/p>","protected":false},"featured_media":572,"comment_status":"open","ping_status":"closed","template":"","meta":[],"product_brand":[],"product_cat":[76,16,24],"product_tag":[18,36,35,19,33,34],"class_list":{"0":"post-171","1":"product","2":"type-product","3":"status-publish","4":"has-post-thumbnail","6":"product_cat-tutti-i-prodotti","7":"product_cat-oli-di-canapa","8":"product_cat-relax","9":"product_tag-cbd","10":"product_tag-cbn","11":"product_tag-dormire","12":"product_tag-full-spectrum","13":"product_tag-relax","14":"product_tag-riposo","16":"first","17":"instock","18":"taxable","19":"shipping-taxable","20":"purchasable","21":"product-type-simple"},"yoast_head":"<!-- This site is optimized with the Yoast SEO plugin v27.1.1 - https:\/\/yoast.com\/product\/yoast-seo-wordpress\/ -->\n<title>Olio CBD Relax 20% - giantec.shop<\/title>\n<meta name=\"robots\" content=\"index, follow, max-snippet:-1, max-image-preview:large, max-video-preview:-1\" \/>\n<link rel=\"canonical\" href=\"https:\/\/giantec.shop\/de\/product\/olio-cbd-relax-20\/\" \/>\n<meta property=\"og:locale\" content=\"de_DE\" \/>\n<meta property=\"og:type\" content=\"article\" \/>\n<meta property=\"og:title\" content=\"Olio CBD Relax 20% - giantec.shop\" \/>\n<meta property=\"og:description\" content=\"Olio di canapa RILASSANTE al CBN + CBD + MIRCENE CPNP REFERENCE 4329403  2000mg CBN + 2000mg CBD\" \/>\n<meta property=\"og:url\" content=\"https:\/\/giantec.shop\/de\/product\/olio-cbd-relax-20\/\" \/>\n<meta property=\"og:site_name\" content=\"giantec.shop\" \/>\n<meta property=\"article:publisher\" content=\"https:\/\/www.facebook.com\/GianTecExtractions\/\" \/>\n<meta property=\"article:modified_time\" content=\"2024-12-19T17:08:23+00:00\" \/>\n<meta property=\"og:image\" content=\"http:\/\/giantec.shop\/wp-content\/uploads\/2023\/02\/RELAX20-min.jpg\" \/>\n\t<meta property=\"og:image:width\" content=\"1080\" \/>\n\t<meta property=\"og:image:height\" content=\"1080\" \/>\n\t<meta property=\"og:image:type\" content=\"image\/jpeg\" \/>\n<meta name=\"twitter:card\" content=\"summary_large_image\" \/>\n<meta name=\"twitter:label1\" content=\"Gesch\u00e4tzte Lesezeit\" \/>\n\t<meta name=\"twitter:data1\" content=\"1\u00a0Minute\" \/>\n<script type=\"application\/ld+json\" class=\"yoast-schema-graph\">{\"@context\":\"https:\/\/schema.org\",\"@graph\":[{\"@type\":\"WebPage\",\"@id\":\"https:\/\/giantec.shop\/product\/olio-cbd-relax-20\/\",\"url\":\"https:\/\/giantec.shop\/product\/olio-cbd-relax-20\/\",\"name\":\"Olio CBD Relax 20% - giantec.shop\",\"isPartOf\":{\"@id\":\"https:\/\/giantec.shop\/#website\"},\"primaryImageOfPage\":{\"@id\":\"https:\/\/giantec.shop\/product\/olio-cbd-relax-20\/#primaryimage\"},\"image\":{\"@id\":\"https:\/\/giantec.shop\/product\/olio-cbd-relax-20\/#primaryimage\"},\"thumbnailUrl\":\"https:\/\/giantec.shop\/wp-content\/uploads\/2023\/02\/RELAX20-min.jpg\",\"datePublished\":\"2023-02-15T08:58:08+00:00\",\"dateModified\":\"2024-12-19T17:08:23+00:00\",\"breadcrumb\":{\"@id\":\"https:\/\/giantec.shop\/product\/olio-cbd-relax-20\/#breadcrumb\"},\"inLanguage\":\"de\",\"potentialAction\":[{\"@type\":\"ReadAction\",\"target\":[\"https:\/\/giantec.shop\/product\/olio-cbd-relax-20\/\"]}]},{\"@type\":\"ImageObject\",\"inLanguage\":\"de\",\"@id\":\"https:\/\/giantec.shop\/product\/olio-cbd-relax-20\/#primaryimage\",\"url\":\"https:\/\/giantec.shop\/wp-content\/uploads\/2023\/02\/RELAX20-min.jpg\",\"contentUrl\":\"https:\/\/giantec.shop\/wp-content\/uploads\/2023\/02\/RELAX20-min.jpg\",\"width\":1080,\"height\":1080},{\"@type\":\"BreadcrumbList\",\"@id\":\"https:\/\/giantec.shop\/product\/olio-cbd-relax-20\/#breadcrumb\",\"itemListElement\":[{\"@type\":\"ListItem\",\"position\":1,\"name\":\"Home\",\"item\":\"https:\/\/giantec.shop\/\"},{\"@type\":\"ListItem\",\"position\":2,\"name\":\"Shop\",\"item\":\"https:\/\/giantec.shop\/shop\/\"},{\"@type\":\"ListItem\",\"position\":3,\"name\":\"Olio CBD Relax 20%\"}]},{\"@type\":\"WebSite\",\"@id\":\"https:\/\/giantec.shop\/#website\",\"url\":\"https:\/\/giantec.shop\/\",\"name\":\"GianTec Shop\",\"description\":\"Oli e prodotti cosmetici con CBD\",\"publisher\":{\"@id\":\"https:\/\/giantec.shop\/#organization\"},\"potentialAction\":[{\"@type\":\"SearchAction\",\"target\":{\"@type\":\"EntryPoint\",\"urlTemplate\":\"https:\/\/giantec.shop\/?s={search_term_string}\"},\"query-input\":{\"@type\":\"PropertyValueSpecification\",\"valueRequired\":true,\"valueName\":\"search_term_string\"}}],\"inLanguage\":\"de\"},{\"@type\":\"Organization\",\"@id\":\"https:\/\/giantec.shop\/#organization\",\"name\":\"GIANTEC SRL\",\"url\":\"https:\/\/giantec.shop\/\",\"logo\":{\"@type\":\"ImageObject\",\"inLanguage\":\"de\",\"@id\":\"https:\/\/giantec.shop\/#\/schema\/logo\/image\/\",\"url\":\"https:\/\/giantec.shop\/wp-content\/uploads\/2023\/02\/Giantec-Logo.png\",\"contentUrl\":\"https:\/\/giantec.shop\/wp-content\/uploads\/2023\/02\/Giantec-Logo.png\",\"width\":596,\"height\":158,\"caption\":\"GIANTEC SRL\"},\"image\":{\"@id\":\"https:\/\/giantec.shop\/#\/schema\/logo\/image\/\"},\"sameAs\":[\"https:\/\/www.facebook.com\/GianTecExtractions\/\",\"https:\/\/www.instagram.com\/giantec_srl\/\"]}]}<\/script>\n<!-- \/ Yoast SEO plugin. -->","yoast_head_json":{"title":"Olio CBD Relax 20% - giantec.shop","robots":{"index":"index","follow":"follow","max-snippet":"max-snippet:-1","max-image-preview":"max-image-preview:large","max-video-preview":"max-video-preview:-1"},"canonical":"https:\/\/giantec.shop\/de\/product\/olio-cbd-relax-20\/","og_locale":"de_DE","og_type":"article","og_title":"Olio CBD Relax 20% - giantec.shop","og_description":"Olio di canapa RILASSANTE al CBN + CBD + MIRCENE CPNP REFERENCE 4329403  2000mg CBN + 2000mg CBD","og_url":"https:\/\/giantec.shop\/de\/product\/olio-cbd-relax-20\/","og_site_name":"giantec.shop","article_publisher":"https:\/\/www.facebook.com\/GianTecExtractions\/","article_modified_time":"2024-12-19T17:08:23+00:00","og_image":[{"width":1080,"height":1080,"url":"http:\/\/giantec.shop\/wp-content\/uploads\/2023\/02\/RELAX20-min.jpg","type":"image\/jpeg"}],"twitter_card":"summary_large_image","twitter_misc":{"Gesch\u00e4tzte Lesezeit":"1\u00a0Minute"},"schema":{"@context":"https:\/\/schema.org","@graph":[{"@type":"WebPage","@id":"https:\/\/giantec.shop\/product\/olio-cbd-relax-20\/","url":"https:\/\/giantec.shop\/product\/olio-cbd-relax-20\/","name":"Olio CBD Relax 20% - giantec.shop","isPartOf":{"@id":"https:\/\/giantec.shop\/#website"},"primaryImageOfPage":{"@id":"https:\/\/giantec.shop\/product\/olio-cbd-relax-20\/#primaryimage"},"image":{"@id":"https:\/\/giantec.shop\/product\/olio-cbd-relax-20\/#primaryimage"},"thumbnailUrl":"https:\/\/giantec.shop\/wp-content\/uploads\/2023\/02\/RELAX20-min.jpg","datePublished":"2023-02-15T08:58:08+00:00","dateModified":"2024-12-19T17:08:23+00:00","breadcrumb":{"@id":"https:\/\/giantec.shop\/product\/olio-cbd-relax-20\/#breadcrumb"},"inLanguage":"de","potentialAction":[{"@type":"ReadAction","target":["https:\/\/giantec.shop\/product\/olio-cbd-relax-20\/"]}]},{"@type":"ImageObject","inLanguage":"de","@id":"https:\/\/giantec.shop\/product\/olio-cbd-relax-20\/#primaryimage","url":"https:\/\/giantec.shop\/wp-content\/uploads\/2023\/02\/RELAX20-min.jpg","contentUrl":"https:\/\/giantec.shop\/wp-content\/uploads\/2023\/02\/RELAX20-min.jpg","width":1080,"height":1080},{"@type":"BreadcrumbList","@id":"https:\/\/giantec.shop\/product\/olio-cbd-relax-20\/#breadcrumb","itemListElement":[{"@type":"ListItem","position":1,"name":"Home","item":"https:\/\/giantec.shop\/"},{"@type":"ListItem","position":2,"name":"Shop","item":"https:\/\/giantec.shop\/shop\/"},{"@type":"ListItem","position":3,"name":"Olio CBD Relax 20%"}]},{"@type":"WebSite","@id":"https:\/\/giantec.shop\/#website","url":"https:\/\/giantec.shop\/","name":"GianTec Shop","description":"Oli e prodotti cosmetici con CBD","publisher":{"@id":"https:\/\/giantec.shop\/#organization"},"potentialAction":[{"@type":"SearchAction","target":{"@type":"EntryPoint","urlTemplate":"https:\/\/giantec.shop\/?s={search_term_string}"},"query-input":{"@type":"PropertyValueSpecification","valueRequired":true,"valueName":"search_term_string"}}],"inLanguage":"de"},{"@type":"Organization","@id":"https:\/\/giantec.shop\/#organization","name":"GIANTEC SRL","url":"https:\/\/giantec.shop\/","logo":{"@type":"ImageObject","inLanguage":"de","@id":"https:\/\/giantec.shop\/#\/schema\/logo\/image\/","url":"https:\/\/giantec.shop\/wp-content\/uploads\/2023\/02\/Giantec-Logo.png","contentUrl":"https:\/\/giantec.shop\/wp-content\/uploads\/2023\/02\/Giantec-Logo.png","width":596,"height":158,"caption":"GIANTEC SRL"},"image":{"@id":"https:\/\/giantec.shop\/#\/schema\/logo\/image\/"},"sameAs":["https:\/\/www.facebook.com\/GianTecExtractions\/","https:\/\/www.instagram.com\/giantec_srl\/"]}]}},"jetpack_sharing_enabled":true,"_links":{"self":[{"href":"https:\/\/giantec.shop\/de\/wp-json\/wp\/v2\/product\/171","targetHints":{"allow":["GET"]}}],"collection":[{"href":"https:\/\/giantec.shop\/de\/wp-json\/wp\/v2\/product"}],"about":[{"href":"https:\/\/giantec.shop\/de\/wp-json\/wp\/v2\/types\/product"}],"replies":[{"embeddable":true,"href":"https:\/\/giantec.shop\/de\/wp-json\/wp\/v2\/comments?post=171"}],"wp:featuredmedia":[{"embeddable":true,"href":"https:\/\/giantec.shop\/de\/wp-json\/wp\/v2\/media\/572"}],"wp:attachment":[{"href":"https:\/\/giantec.shop\/de\/wp-json\/wp\/v2\/media?parent=171"}],"wp:term":[{"taxonomy":"product_brand","embeddable":true,"href":"https:\/\/giantec.shop\/de\/wp-json\/wp\/v2\/product_brand?post=171"},{"taxonomy":"product_cat","embeddable":true,"href":"https:\/\/giantec.shop\/de\/wp-json\/wp\/v2\/product_cat?post=171"},{"taxonomy":"product_tag","embeddable":true,"href":"https:\/\/giantec.shop\/de\/wp-json\/wp\/v2\/product_tag?post=171"}],"curies":[{"name":"wp","href":"https:\/\/api.w.org\/{rel}","templated":true}]}}