{"id":168,"date":"2023-02-15T09:51:57","date_gmt":"2023-02-15T08:51:57","guid":{"rendered":"https:\/\/giantec.shop\/?post_type=product&#038;p=168"},"modified":"2024-12-19T18:09:22","modified_gmt":"2024-12-19T17:09:22","slug":"olio-cbd-sanadol-15","status":"publish","type":"product","link":"https:\/\/giantec.shop\/de\/product\/olio-cbd-sanadol-15\/","title":{"rendered":"\u00d6l-CBD Sanadol+ 15%"},"content":{"rendered":"<div class=\"page\" title=\"Page 13\">\n<div class=\"section\">\n<div class=\"layoutArea\">\n<div class=\"column\">\n<p>Cannabigerol (CBG) stammt von CBGA und ist eines von hunderten Cannabinoiden, die in Cannabis und Hanf vorkommen. CBGA, die Carbons\u00e4ure-Version von CBG, kann als Ursprung aller Cannabinoide angesehen werden und wird auch als das Muttercanabinoid bezeichnet. Aus dem CBGA entstehen CBG, CBDA und THCA und nach und nach alle weiteren Cannabinoide.\nDiese wandeln sich nach der Decarboxylierung endg\u00fcltig in CBD, THC, CBC und CBG um.<span class=\"Apple-converted-space\">\u00a0<\/span><\/p>\n<p>CBG ist ein nicht psychoaktives Phytocannabinoid, das an CB2-Rezeptoren bindet, die im Darm, Bindegewebe und Nervensystem vorhanden sind und eine regulierende Funktion hat. Das bedeutet, dass es unser Endocannabinoid-System bei der Regulierung der Hom\u00f6ostase (das funktionelle Gleichgewicht) unterst\u00fctzt. Wenn ein Ungleichgewicht oder eine St\u00f6rung im Endocannabinoid-System auftritt, neigt die Modulation durch CBG dazu, das urspr\u00fcngliche Gleichgewicht wiederherzustellen. Dies Hilft bei der Regulierung des Imunsystems und bek\u00e4mpft dadurch indirekt Entz\u00fcndungsprozesse.<span class=\"Apple-converted-space\">\u00a0<\/span><\/p>\n<ul>\n<li>Entz\u00fcndungshemmend<\/li>\n<li>Antinozizeptiv<\/li>\n<li>Antioxidans<\/li>\n<li>Neuroprotektiv<\/li>\n<\/ul>\n<p>CBG kann die Wiederherstellung aufgrund einer Ver\u00e4nderung des menschlichen Endocannabinoid-Systems, die durch Krankheit oder Trauma, also auch durch \u00e4u\u00dfere Einfl\u00fcsse, verursacht wurde, unterst\u00fctzen.\nZahlreiche Studien zeigen, dass CBG die Produktion von Anandamid, dem wichtigsten k\u00f6rpereigenen Cannabinoid, erh\u00f6ht. Anandamid tr\u00e4gt zur Regulierung von Schlaf, Appetit und Ged\u00e4chtnis bei, indem es direkt auf CB1- und CB2-Rezeptoren wirkt.<span class=\"Apple-converted-space\">\u00a0<\/span><\/p>\n<p>J\u00fcngste wissenschaftliche Forschungen \u00fcber CBG geben uns klare Hinweise auf seine wichtige Rolle bei der Schmerzlinderung. Im Jahr 2010 fand man in einer wissenschaftlichen Studie heraus, dass Cannabigerol als starker \u03b12-Adrenorezeptor-Agonist wirkt. Damit geh\u00f6rt es zu einer Klasse von Medikamenten, die unter anderem zur Behandlung verschiedener Formen von Schmerzen eingesetzt werden.<span class=\"Apple-converted-space\">\u00a0<\/span><\/p>\n<\/div>\n<\/div>\n<\/div>\n<\/div>","protected":false},"excerpt":{"rendered":"<h4 class=\"translation-block\"><b>Beruhigendes<\/b> CBD-\u00d6l mit CBG  + Nerolidol<\/h4>\n<p><strong>CPNP REFERENCE<\/strong> 4329413<\/p>\n<p>1500 mg CBG + 1500mg CBD<\/p>","protected":false},"featured_media":579,"comment_status":"open","ping_status":"closed","template":"","meta":[],"product_brand":[],"product_cat":[76,16,25],"product_tag":[18,19,31,32],"class_list":{"0":"post-168","1":"product","2":"type-product","3":"status-publish","4":"has-post-thumbnail","6":"product_cat-tutti-i-prodotti","7":"product_cat-oli-di-canapa","8":"product_cat-sanadol-plus","9":"product_tag-cbd","10":"product_tag-full-spectrum","11":"product_tag-relief","12":"product_tag-sollievo","14":"first","15":"instock","16":"taxable","17":"shipping-taxable","18":"purchasable","19":"product-type-simple"},"yoast_head":"<!-- This site is optimized with the Yoast SEO plugin v27.1.1 - https:\/\/yoast.com\/product\/yoast-seo-wordpress\/ -->\n<title>Olio CBD Sanadol+ 15% - giantec.shop<\/title>\n<meta name=\"robots\" content=\"index, follow, max-snippet:-1, max-image-preview:large, max-video-preview:-1\" \/>\n<link rel=\"canonical\" href=\"https:\/\/giantec.shop\/de\/product\/olio-cbd-sanadol-15\/\" \/>\n<meta property=\"og:locale\" content=\"de_DE\" \/>\n<meta property=\"og:type\" content=\"article\" \/>\n<meta property=\"og:title\" content=\"Olio CBD Sanadol+ 15% - giantec.shop\" \/>\n<meta property=\"og:description\" content=\"Olio di canapa LENITIVO al CBG + NEROLIDOLO CPNP REFERENCE 4329413  1500 mg CBG + 1500mg CBD\" \/>\n<meta property=\"og:url\" content=\"https:\/\/giantec.shop\/de\/product\/olio-cbd-sanadol-15\/\" \/>\n<meta property=\"og:site_name\" content=\"giantec.shop\" \/>\n<meta property=\"article:publisher\" content=\"https:\/\/www.facebook.com\/GianTecExtractions\/\" \/>\n<meta property=\"article:modified_time\" content=\"2024-12-19T17:09:22+00:00\" \/>\n<meta property=\"og:image\" content=\"http:\/\/giantec.shop\/wp-content\/uploads\/2023\/02\/SANADOL15-min.jpg\" \/>\n\t<meta property=\"og:image:width\" content=\"1080\" \/>\n\t<meta property=\"og:image:height\" content=\"1080\" \/>\n\t<meta property=\"og:image:type\" content=\"image\/jpeg\" \/>\n<meta name=\"twitter:card\" content=\"summary_large_image\" \/>\n<meta name=\"twitter:label1\" content=\"Gesch\u00e4tzte Lesezeit\" \/>\n\t<meta name=\"twitter:data1\" content=\"1\u00a0Minute\" \/>\n<script type=\"application\/ld+json\" class=\"yoast-schema-graph\">{\"@context\":\"https:\/\/schema.org\",\"@graph\":[{\"@type\":\"WebPage\",\"@id\":\"https:\/\/giantec.shop\/product\/olio-cbd-sanadol-15\/\",\"url\":\"https:\/\/giantec.shop\/product\/olio-cbd-sanadol-15\/\",\"name\":\"Olio CBD Sanadol+ 15% - giantec.shop\",\"isPartOf\":{\"@id\":\"https:\/\/giantec.shop\/#website\"},\"primaryImageOfPage\":{\"@id\":\"https:\/\/giantec.shop\/product\/olio-cbd-sanadol-15\/#primaryimage\"},\"image\":{\"@id\":\"https:\/\/giantec.shop\/product\/olio-cbd-sanadol-15\/#primaryimage\"},\"thumbnailUrl\":\"https:\/\/giantec.shop\/wp-content\/uploads\/2023\/02\/SANADOL15-min.jpg\",\"datePublished\":\"2023-02-15T08:51:57+00:00\",\"dateModified\":\"2024-12-19T17:09:22+00:00\",\"breadcrumb\":{\"@id\":\"https:\/\/giantec.shop\/product\/olio-cbd-sanadol-15\/#breadcrumb\"},\"inLanguage\":\"de\",\"potentialAction\":[{\"@type\":\"ReadAction\",\"target\":[\"https:\/\/giantec.shop\/product\/olio-cbd-sanadol-15\/\"]}]},{\"@type\":\"ImageObject\",\"inLanguage\":\"de\",\"@id\":\"https:\/\/giantec.shop\/product\/olio-cbd-sanadol-15\/#primaryimage\",\"url\":\"https:\/\/giantec.shop\/wp-content\/uploads\/2023\/02\/SANADOL15-min.jpg\",\"contentUrl\":\"https:\/\/giantec.shop\/wp-content\/uploads\/2023\/02\/SANADOL15-min.jpg\",\"width\":1080,\"height\":1080},{\"@type\":\"BreadcrumbList\",\"@id\":\"https:\/\/giantec.shop\/product\/olio-cbd-sanadol-15\/#breadcrumb\",\"itemListElement\":[{\"@type\":\"ListItem\",\"position\":1,\"name\":\"Home\",\"item\":\"https:\/\/giantec.shop\/\"},{\"@type\":\"ListItem\",\"position\":2,\"name\":\"Shop\",\"item\":\"https:\/\/giantec.shop\/shop\/\"},{\"@type\":\"ListItem\",\"position\":3,\"name\":\"Olio CBD Sanadol+ 15%\"}]},{\"@type\":\"WebSite\",\"@id\":\"https:\/\/giantec.shop\/#website\",\"url\":\"https:\/\/giantec.shop\/\",\"name\":\"GianTec Shop\",\"description\":\"Oli e prodotti cosmetici con CBD\",\"publisher\":{\"@id\":\"https:\/\/giantec.shop\/#organization\"},\"potentialAction\":[{\"@type\":\"SearchAction\",\"target\":{\"@type\":\"EntryPoint\",\"urlTemplate\":\"https:\/\/giantec.shop\/?s={search_term_string}\"},\"query-input\":{\"@type\":\"PropertyValueSpecification\",\"valueRequired\":true,\"valueName\":\"search_term_string\"}}],\"inLanguage\":\"de\"},{\"@type\":\"Organization\",\"@id\":\"https:\/\/giantec.shop\/#organization\",\"name\":\"GIANTEC SRL\",\"url\":\"https:\/\/giantec.shop\/\",\"logo\":{\"@type\":\"ImageObject\",\"inLanguage\":\"de\",\"@id\":\"https:\/\/giantec.shop\/#\/schema\/logo\/image\/\",\"url\":\"https:\/\/giantec.shop\/wp-content\/uploads\/2023\/02\/Giantec-Logo.png\",\"contentUrl\":\"https:\/\/giantec.shop\/wp-content\/uploads\/2023\/02\/Giantec-Logo.png\",\"width\":596,\"height\":158,\"caption\":\"GIANTEC SRL\"},\"image\":{\"@id\":\"https:\/\/giantec.shop\/#\/schema\/logo\/image\/\"},\"sameAs\":[\"https:\/\/www.facebook.com\/GianTecExtractions\/\",\"https:\/\/www.instagram.com\/giantec_srl\/\"]}]}<\/script>\n<!-- \/ Yoast SEO plugin. -->","yoast_head_json":{"title":"Olio CBD Sanadol+ 15% - giantec.shop","robots":{"index":"index","follow":"follow","max-snippet":"max-snippet:-1","max-image-preview":"max-image-preview:large","max-video-preview":"max-video-preview:-1"},"canonical":"https:\/\/giantec.shop\/de\/product\/olio-cbd-sanadol-15\/","og_locale":"de_DE","og_type":"article","og_title":"Olio CBD Sanadol+ 15% - giantec.shop","og_description":"Olio di canapa LENITIVO al CBG + NEROLIDOLO CPNP REFERENCE 4329413  1500 mg CBG + 1500mg CBD","og_url":"https:\/\/giantec.shop\/de\/product\/olio-cbd-sanadol-15\/","og_site_name":"giantec.shop","article_publisher":"https:\/\/www.facebook.com\/GianTecExtractions\/","article_modified_time":"2024-12-19T17:09:22+00:00","og_image":[{"width":1080,"height":1080,"url":"http:\/\/giantec.shop\/wp-content\/uploads\/2023\/02\/SANADOL15-min.jpg","type":"image\/jpeg"}],"twitter_card":"summary_large_image","twitter_misc":{"Gesch\u00e4tzte Lesezeit":"1\u00a0Minute"},"schema":{"@context":"https:\/\/schema.org","@graph":[{"@type":"WebPage","@id":"https:\/\/giantec.shop\/product\/olio-cbd-sanadol-15\/","url":"https:\/\/giantec.shop\/product\/olio-cbd-sanadol-15\/","name":"Olio CBD Sanadol+ 15% - giantec.shop","isPartOf":{"@id":"https:\/\/giantec.shop\/#website"},"primaryImageOfPage":{"@id":"https:\/\/giantec.shop\/product\/olio-cbd-sanadol-15\/#primaryimage"},"image":{"@id":"https:\/\/giantec.shop\/product\/olio-cbd-sanadol-15\/#primaryimage"},"thumbnailUrl":"https:\/\/giantec.shop\/wp-content\/uploads\/2023\/02\/SANADOL15-min.jpg","datePublished":"2023-02-15T08:51:57+00:00","dateModified":"2024-12-19T17:09:22+00:00","breadcrumb":{"@id":"https:\/\/giantec.shop\/product\/olio-cbd-sanadol-15\/#breadcrumb"},"inLanguage":"de","potentialAction":[{"@type":"ReadAction","target":["https:\/\/giantec.shop\/product\/olio-cbd-sanadol-15\/"]}]},{"@type":"ImageObject","inLanguage":"de","@id":"https:\/\/giantec.shop\/product\/olio-cbd-sanadol-15\/#primaryimage","url":"https:\/\/giantec.shop\/wp-content\/uploads\/2023\/02\/SANADOL15-min.jpg","contentUrl":"https:\/\/giantec.shop\/wp-content\/uploads\/2023\/02\/SANADOL15-min.jpg","width":1080,"height":1080},{"@type":"BreadcrumbList","@id":"https:\/\/giantec.shop\/product\/olio-cbd-sanadol-15\/#breadcrumb","itemListElement":[{"@type":"ListItem","position":1,"name":"Home","item":"https:\/\/giantec.shop\/"},{"@type":"ListItem","position":2,"name":"Shop","item":"https:\/\/giantec.shop\/shop\/"},{"@type":"ListItem","position":3,"name":"Olio CBD Sanadol+ 15%"}]},{"@type":"WebSite","@id":"https:\/\/giantec.shop\/#website","url":"https:\/\/giantec.shop\/","name":"GianTec Shop","description":"Oli e prodotti cosmetici con CBD","publisher":{"@id":"https:\/\/giantec.shop\/#organization"},"potentialAction":[{"@type":"SearchAction","target":{"@type":"EntryPoint","urlTemplate":"https:\/\/giantec.shop\/?s={search_term_string}"},"query-input":{"@type":"PropertyValueSpecification","valueRequired":true,"valueName":"search_term_string"}}],"inLanguage":"de"},{"@type":"Organization","@id":"https:\/\/giantec.shop\/#organization","name":"GIANTEC SRL","url":"https:\/\/giantec.shop\/","logo":{"@type":"ImageObject","inLanguage":"de","@id":"https:\/\/giantec.shop\/#\/schema\/logo\/image\/","url":"https:\/\/giantec.shop\/wp-content\/uploads\/2023\/02\/Giantec-Logo.png","contentUrl":"https:\/\/giantec.shop\/wp-content\/uploads\/2023\/02\/Giantec-Logo.png","width":596,"height":158,"caption":"GIANTEC SRL"},"image":{"@id":"https:\/\/giantec.shop\/#\/schema\/logo\/image\/"},"sameAs":["https:\/\/www.facebook.com\/GianTecExtractions\/","https:\/\/www.instagram.com\/giantec_srl\/"]}]}},"jetpack_sharing_enabled":true,"_links":{"self":[{"href":"https:\/\/giantec.shop\/de\/wp-json\/wp\/v2\/product\/168","targetHints":{"allow":["GET"]}}],"collection":[{"href":"https:\/\/giantec.shop\/de\/wp-json\/wp\/v2\/product"}],"about":[{"href":"https:\/\/giantec.shop\/de\/wp-json\/wp\/v2\/types\/product"}],"replies":[{"embeddable":true,"href":"https:\/\/giantec.shop\/de\/wp-json\/wp\/v2\/comments?post=168"}],"wp:featuredmedia":[{"embeddable":true,"href":"https:\/\/giantec.shop\/de\/wp-json\/wp\/v2\/media\/579"}],"wp:attachment":[{"href":"https:\/\/giantec.shop\/de\/wp-json\/wp\/v2\/media?parent=168"}],"wp:term":[{"taxonomy":"product_brand","embeddable":true,"href":"https:\/\/giantec.shop\/de\/wp-json\/wp\/v2\/product_brand?post=168"},{"taxonomy":"product_cat","embeddable":true,"href":"https:\/\/giantec.shop\/de\/wp-json\/wp\/v2\/product_cat?post=168"},{"taxonomy":"product_tag","embeddable":true,"href":"https:\/\/giantec.shop\/de\/wp-json\/wp\/v2\/product_tag?post=168"}],"curies":[{"name":"wp","href":"https:\/\/api.w.org\/{rel}","templated":true}]}}