{"id":155,"date":"2023-02-15T09:40:36","date_gmt":"2023-02-15T08:40:36","guid":{"rendered":"https:\/\/giantec.shop\/?post_type=product&#038;p=155"},"modified":"2024-12-19T18:10:37","modified_gmt":"2024-12-19T17:10:37","slug":"olio-cbd-ecs-activator-15","status":"publish","type":"product","link":"https:\/\/giantec.shop\/de\/product\/olio-cbd-ecs-activator-15\/","title":{"rendered":"\u00d6l-CBD ECS Activator 15%"},"content":{"rendered":"<div class=\"page\" title=\"Page 11\">\n<div class=\"layoutArea\">\n<div class=\"column\">\n<p class=\"translation-block\">Verbessern Sie Ihr allgemeines Wohlbefinden durch die Aktivierung und Aufrechterhaltung des Endocannabinoid-Systems.\n \n\n \n\n \nECS Activator ist die erste Produktlinie von Green Labs und umfasst eine breite Palette von FULL SPECTRUM-\u00d6len von CBD (Cannabidiol) in verschiedenen Konzentrationen.\nDiese Linie wurde entwickelt, um das Endocannabinoid-System in all seinen Hauptfunktionen zu aktivieren und zu stimulieren, und somit ein ganzheitliches Wohlbefinden zu kreieren.<\/p>\n<p class=\"translation-block\">Cannabidiol, das Wichtigste von mehr als hundert Cannabinoiden, auch unter dem Akronym CBD bekannt, ist ein nat\u00fcrliches Phytomolek\u00fcl das in Hanf vorkommt. Einer Pflanze aus der Familie der Cannabaceae die bereits vor Tausenden von Jahren in der antiken Medizin verwendet wurde.\nCannabidiol ist also keineswegs eine neue Entdeckung, auch wenn man erst in den letzten zehn Jahren viel davon geh\u00f6rt hat. Die therapeutischen Eigenschaften von Hanf waren seit 2000 v. Chr. bekannt, als der chinesische Kaiser Sheng Neng einen Hanftee trank um seine diversen k\u00f6rperlichen Beschwerden und Krankheiten, einschlie\u00dflich Malaria, zu behandeln.\nZwischen den sp\u00e4ten 1800er und 1900er Jahren interessierten sich viele Wissenschaftler f\u00fcr das Thema und 1942 isolierte Roger Adams, ein amerikanischer Chemiker, als Erster CBD aus Cannabis.\nSeine Bekanntheit beruht auf seinen heilenden Eigenschaften, die im Gegensatz zu Medikamenten, die h\u00e4ufig zur Behandlung derselben Pathologien eingesetzt werden, keine physische oder psychische Abh\u00e4ngigkeit hervorrufen. Es ist eine v\u00f6llig nat\u00fcrliche Verbindung, die in der Natur weit verbreitet ist.\nCannabidiol hat tats\u00e4chlich keine psychoaktive Wirkung, im Gegenteil, es reduziert die psychoaktive Wirkung von THC.<\/p>\n<p>Die j\u00fcngste Forschung zum Thema CBD hebt die folgenden Eigenschaften hervor, die durch seine modulierende Wirkung im Endocannabinoid-System entstehen:<\/p>\n<ul>\n<li>Anxiolytika<\/li>\n<li>Analgetika<\/li>\n<li>Muskelrelaxantien<\/li>\n<li>Antiemetika<\/li>\n<\/ul>\n<p>\u2800<\/p>\n<\/div>\n<\/div>\n<\/div>","protected":false},"excerpt":{"rendered":"<h4 class=\"translation-block\">CBD-\u00d6l f\u00fcr das <b>Wohlbefinden<\/b> + Bisabolol<\/h4>\n<p><strong>CPNP REFERENCE<\/strong> 4326746<\/p>\n<p>1500mg CBD<\/p>","protected":false},"featured_media":585,"comment_status":"open","ping_status":"closed","template":"","meta":[],"product_brand":[],"product_cat":[76,23,16],"product_tag":[21,18,20,19],"class_list":{"0":"post-155","1":"product","2":"type-product","3":"status-publish","4":"has-post-thumbnail","6":"product_cat-tutti-i-prodotti","7":"product_cat-ecs-activator","8":"product_cat-oli-di-canapa","9":"product_tag-activator","10":"product_tag-cbd","11":"product_tag-ecs","12":"product_tag-full-spectrum","14":"first","15":"instock","16":"taxable","17":"shipping-taxable","18":"purchasable","19":"product-type-simple"},"yoast_head":"<!-- This site is optimized with the Yoast SEO plugin v27.1.1 - https:\/\/yoast.com\/product\/yoast-seo-wordpress\/ -->\n<title>Olio CBD ECS Activator 15% - giantec.shop<\/title>\n<meta name=\"robots\" content=\"index, follow, max-snippet:-1, max-image-preview:large, max-video-preview:-1\" \/>\n<link rel=\"canonical\" href=\"https:\/\/giantec.shop\/de\/product\/olio-cbd-ecs-activator-15\/\" \/>\n<meta property=\"og:locale\" content=\"de_DE\" \/>\n<meta property=\"og:type\" content=\"article\" \/>\n<meta property=\"og:title\" content=\"Olio CBD ECS Activator 15% - giantec.shop\" \/>\n<meta property=\"og:description\" content=\"Olio di canapa per il \u00a0BENESSERE\u00a0 al CBD + BISABOLOLO CPNP REFERENCE 4326746  1500mg CBD\" \/>\n<meta property=\"og:url\" content=\"https:\/\/giantec.shop\/de\/product\/olio-cbd-ecs-activator-15\/\" \/>\n<meta property=\"og:site_name\" content=\"giantec.shop\" \/>\n<meta property=\"article:publisher\" content=\"https:\/\/www.facebook.com\/GianTecExtractions\/\" \/>\n<meta property=\"article:modified_time\" content=\"2024-12-19T17:10:37+00:00\" \/>\n<meta property=\"og:image\" content=\"http:\/\/giantec.shop\/wp-content\/uploads\/2023\/02\/ECS15-min.jpg\" \/>\n\t<meta property=\"og:image:width\" content=\"1080\" \/>\n\t<meta property=\"og:image:height\" content=\"1080\" \/>\n\t<meta property=\"og:image:type\" content=\"image\/jpeg\" \/>\n<meta name=\"twitter:card\" content=\"summary_large_image\" \/>\n<meta name=\"twitter:label1\" content=\"Gesch\u00e4tzte Lesezeit\" \/>\n\t<meta name=\"twitter:data1\" content=\"2\u00a0Minuten\" \/>\n<script type=\"application\/ld+json\" class=\"yoast-schema-graph\">{\"@context\":\"https:\/\/schema.org\",\"@graph\":[{\"@type\":\"WebPage\",\"@id\":\"https:\/\/giantec.shop\/product\/olio-cbd-ecs-activator-15\/\",\"url\":\"https:\/\/giantec.shop\/product\/olio-cbd-ecs-activator-15\/\",\"name\":\"Olio CBD ECS Activator 15% - giantec.shop\",\"isPartOf\":{\"@id\":\"https:\/\/giantec.shop\/#website\"},\"primaryImageOfPage\":{\"@id\":\"https:\/\/giantec.shop\/product\/olio-cbd-ecs-activator-15\/#primaryimage\"},\"image\":{\"@id\":\"https:\/\/giantec.shop\/product\/olio-cbd-ecs-activator-15\/#primaryimage\"},\"thumbnailUrl\":\"https:\/\/giantec.shop\/wp-content\/uploads\/2023\/02\/ECS15-min.jpg\",\"datePublished\":\"2023-02-15T08:40:36+00:00\",\"dateModified\":\"2024-12-19T17:10:37+00:00\",\"breadcrumb\":{\"@id\":\"https:\/\/giantec.shop\/product\/olio-cbd-ecs-activator-15\/#breadcrumb\"},\"inLanguage\":\"de\",\"potentialAction\":[{\"@type\":\"ReadAction\",\"target\":[\"https:\/\/giantec.shop\/product\/olio-cbd-ecs-activator-15\/\"]}]},{\"@type\":\"ImageObject\",\"inLanguage\":\"de\",\"@id\":\"https:\/\/giantec.shop\/product\/olio-cbd-ecs-activator-15\/#primaryimage\",\"url\":\"https:\/\/giantec.shop\/wp-content\/uploads\/2023\/02\/ECS15-min.jpg\",\"contentUrl\":\"https:\/\/giantec.shop\/wp-content\/uploads\/2023\/02\/ECS15-min.jpg\",\"width\":1080,\"height\":1080},{\"@type\":\"BreadcrumbList\",\"@id\":\"https:\/\/giantec.shop\/product\/olio-cbd-ecs-activator-15\/#breadcrumb\",\"itemListElement\":[{\"@type\":\"ListItem\",\"position\":1,\"name\":\"Home\",\"item\":\"https:\/\/giantec.shop\/\"},{\"@type\":\"ListItem\",\"position\":2,\"name\":\"Shop\",\"item\":\"https:\/\/giantec.shop\/shop\/\"},{\"@type\":\"ListItem\",\"position\":3,\"name\":\"Olio CBD ECS Activator 15%\"}]},{\"@type\":\"WebSite\",\"@id\":\"https:\/\/giantec.shop\/#website\",\"url\":\"https:\/\/giantec.shop\/\",\"name\":\"GianTec Shop\",\"description\":\"Oli e prodotti cosmetici con CBD\",\"publisher\":{\"@id\":\"https:\/\/giantec.shop\/#organization\"},\"potentialAction\":[{\"@type\":\"SearchAction\",\"target\":{\"@type\":\"EntryPoint\",\"urlTemplate\":\"https:\/\/giantec.shop\/?s={search_term_string}\"},\"query-input\":{\"@type\":\"PropertyValueSpecification\",\"valueRequired\":true,\"valueName\":\"search_term_string\"}}],\"inLanguage\":\"de\"},{\"@type\":\"Organization\",\"@id\":\"https:\/\/giantec.shop\/#organization\",\"name\":\"GIANTEC SRL\",\"url\":\"https:\/\/giantec.shop\/\",\"logo\":{\"@type\":\"ImageObject\",\"inLanguage\":\"de\",\"@id\":\"https:\/\/giantec.shop\/#\/schema\/logo\/image\/\",\"url\":\"https:\/\/giantec.shop\/wp-content\/uploads\/2023\/02\/Giantec-Logo.png\",\"contentUrl\":\"https:\/\/giantec.shop\/wp-content\/uploads\/2023\/02\/Giantec-Logo.png\",\"width\":596,\"height\":158,\"caption\":\"GIANTEC SRL\"},\"image\":{\"@id\":\"https:\/\/giantec.shop\/#\/schema\/logo\/image\/\"},\"sameAs\":[\"https:\/\/www.facebook.com\/GianTecExtractions\/\",\"https:\/\/www.instagram.com\/giantec_srl\/\"]}]}<\/script>\n<!-- \/ Yoast SEO plugin. -->","yoast_head_json":{"title":"Olio CBD ECS Activator 15% - giantec.shop","robots":{"index":"index","follow":"follow","max-snippet":"max-snippet:-1","max-image-preview":"max-image-preview:large","max-video-preview":"max-video-preview:-1"},"canonical":"https:\/\/giantec.shop\/de\/product\/olio-cbd-ecs-activator-15\/","og_locale":"de_DE","og_type":"article","og_title":"Olio CBD ECS Activator 15% - giantec.shop","og_description":"Olio di canapa per il \u00a0BENESSERE\u00a0 al CBD + BISABOLOLO CPNP REFERENCE 4326746  1500mg CBD","og_url":"https:\/\/giantec.shop\/de\/product\/olio-cbd-ecs-activator-15\/","og_site_name":"giantec.shop","article_publisher":"https:\/\/www.facebook.com\/GianTecExtractions\/","article_modified_time":"2024-12-19T17:10:37+00:00","og_image":[{"width":1080,"height":1080,"url":"http:\/\/giantec.shop\/wp-content\/uploads\/2023\/02\/ECS15-min.jpg","type":"image\/jpeg"}],"twitter_card":"summary_large_image","twitter_misc":{"Gesch\u00e4tzte Lesezeit":"2\u00a0Minuten"},"schema":{"@context":"https:\/\/schema.org","@graph":[{"@type":"WebPage","@id":"https:\/\/giantec.shop\/product\/olio-cbd-ecs-activator-15\/","url":"https:\/\/giantec.shop\/product\/olio-cbd-ecs-activator-15\/","name":"Olio CBD ECS Activator 15% - giantec.shop","isPartOf":{"@id":"https:\/\/giantec.shop\/#website"},"primaryImageOfPage":{"@id":"https:\/\/giantec.shop\/product\/olio-cbd-ecs-activator-15\/#primaryimage"},"image":{"@id":"https:\/\/giantec.shop\/product\/olio-cbd-ecs-activator-15\/#primaryimage"},"thumbnailUrl":"https:\/\/giantec.shop\/wp-content\/uploads\/2023\/02\/ECS15-min.jpg","datePublished":"2023-02-15T08:40:36+00:00","dateModified":"2024-12-19T17:10:37+00:00","breadcrumb":{"@id":"https:\/\/giantec.shop\/product\/olio-cbd-ecs-activator-15\/#breadcrumb"},"inLanguage":"de","potentialAction":[{"@type":"ReadAction","target":["https:\/\/giantec.shop\/product\/olio-cbd-ecs-activator-15\/"]}]},{"@type":"ImageObject","inLanguage":"de","@id":"https:\/\/giantec.shop\/product\/olio-cbd-ecs-activator-15\/#primaryimage","url":"https:\/\/giantec.shop\/wp-content\/uploads\/2023\/02\/ECS15-min.jpg","contentUrl":"https:\/\/giantec.shop\/wp-content\/uploads\/2023\/02\/ECS15-min.jpg","width":1080,"height":1080},{"@type":"BreadcrumbList","@id":"https:\/\/giantec.shop\/product\/olio-cbd-ecs-activator-15\/#breadcrumb","itemListElement":[{"@type":"ListItem","position":1,"name":"Home","item":"https:\/\/giantec.shop\/"},{"@type":"ListItem","position":2,"name":"Shop","item":"https:\/\/giantec.shop\/shop\/"},{"@type":"ListItem","position":3,"name":"Olio CBD ECS Activator 15%"}]},{"@type":"WebSite","@id":"https:\/\/giantec.shop\/#website","url":"https:\/\/giantec.shop\/","name":"GianTec Shop","description":"Oli e prodotti cosmetici con CBD","publisher":{"@id":"https:\/\/giantec.shop\/#organization"},"potentialAction":[{"@type":"SearchAction","target":{"@type":"EntryPoint","urlTemplate":"https:\/\/giantec.shop\/?s={search_term_string}"},"query-input":{"@type":"PropertyValueSpecification","valueRequired":true,"valueName":"search_term_string"}}],"inLanguage":"de"},{"@type":"Organization","@id":"https:\/\/giantec.shop\/#organization","name":"GIANTEC SRL","url":"https:\/\/giantec.shop\/","logo":{"@type":"ImageObject","inLanguage":"de","@id":"https:\/\/giantec.shop\/#\/schema\/logo\/image\/","url":"https:\/\/giantec.shop\/wp-content\/uploads\/2023\/02\/Giantec-Logo.png","contentUrl":"https:\/\/giantec.shop\/wp-content\/uploads\/2023\/02\/Giantec-Logo.png","width":596,"height":158,"caption":"GIANTEC SRL"},"image":{"@id":"https:\/\/giantec.shop\/#\/schema\/logo\/image\/"},"sameAs":["https:\/\/www.facebook.com\/GianTecExtractions\/","https:\/\/www.instagram.com\/giantec_srl\/"]}]}},"jetpack_sharing_enabled":true,"_links":{"self":[{"href":"https:\/\/giantec.shop\/de\/wp-json\/wp\/v2\/product\/155","targetHints":{"allow":["GET"]}}],"collection":[{"href":"https:\/\/giantec.shop\/de\/wp-json\/wp\/v2\/product"}],"about":[{"href":"https:\/\/giantec.shop\/de\/wp-json\/wp\/v2\/types\/product"}],"replies":[{"embeddable":true,"href":"https:\/\/giantec.shop\/de\/wp-json\/wp\/v2\/comments?post=155"}],"wp:featuredmedia":[{"embeddable":true,"href":"https:\/\/giantec.shop\/de\/wp-json\/wp\/v2\/media\/585"}],"wp:attachment":[{"href":"https:\/\/giantec.shop\/de\/wp-json\/wp\/v2\/media?parent=155"}],"wp:term":[{"taxonomy":"product_brand","embeddable":true,"href":"https:\/\/giantec.shop\/de\/wp-json\/wp\/v2\/product_brand?post=155"},{"taxonomy":"product_cat","embeddable":true,"href":"https:\/\/giantec.shop\/de\/wp-json\/wp\/v2\/product_cat?post=155"},{"taxonomy":"product_tag","embeddable":true,"href":"https:\/\/giantec.shop\/de\/wp-json\/wp\/v2\/product_tag?post=155"}],"curies":[{"name":"wp","href":"https:\/\/api.w.org\/{rel}","templated":true}]}}